{"id":52,"date":"2023-07-20T00:12:51","date_gmt":"2023-07-19T21:12:51","guid":{"rendered":"https:\/\/virtphone.net\/?page_id=52"},"modified":"2023-07-20T00:12:52","modified_gmt":"2023-07-19T21:12:52","slug":"countries","status":"publish","type":"page","link":"https:\/\/virtphone.net\/fr\/countries\/","title":{"rendered":"Num\u00e9ros jetables pour diff\u00e9rents pays"},"content":{"rendered":"<p>\ud83c\udf0d Achetez des num\u00e9ros de t\u00e9l\u00e9phone jetables pour n&#039;importe quel pays\u00a0! \ud83d\udcde<\/p>\n\n\n\n<p>\ud83d\udd10 Garantissez votre confidentialit\u00e9 et votre s\u00e9curit\u00e9 avec nos num\u00e9ros jetables, disponibles dans plusieurs pays. \ud83c\udf10<\/p>\n\n\n\n<ul class=\"wp-block-list\">\n<li>Australie<\/li>\n\n\n\n<li>L&#039;Autriche<\/li>\n\n\n\n<li>Bi\u00e9lorussie<\/li>\n\n\n\n<li>Br\u00e9sil<\/li>\n\n\n\n<li>Cambodge<\/li>\n\n\n\n<li>Canada<\/li>\n\n\n\n<li>Chine<\/li>\n\n\n\n<li>Chypre<\/li>\n\n\n\n<li>tch\u00e8que<\/li>\n\n\n\n<li>Estonie<\/li>\n\n\n\n<li>France<\/li>\n\n\n\n<li>Allemagne<\/li>\n\n\n\n<li>Inde<\/li>\n\n\n\n<li>Indon\u00e9sie<\/li>\n\n\n\n<li>Isra\u00ebl<\/li>\n\n\n\n<li>Kazakhstan<\/li>\n\n\n\n<li>Lettonie<\/li>\n\n\n\n<li>Lituanie<\/li>\n\n\n\n<li>Macao<\/li>\n\n\n\n<li>Birmanie<\/li>\n\n\n\n<li>Pays-Bas<\/li>\n\n\n\n<li>Nigeria<\/li>\n\n\n\n<li>Philippines<\/li>\n\n\n\n<li>Pologne<\/li>\n\n\n\n<li>Roumanie<\/li>\n\n\n\n<li>F\u00e9d\u00e9ration Russe<\/li>\n\n\n\n<li>Sierra Leone<\/li>\n\n\n\n<li>Espagne<\/li>\n\n\n\n<li>Su\u00e8de<\/li>\n\n\n\n<li>Turquie<\/li>\n\n\n\n<li>Ukraine<\/li>\n\n\n\n<li>Grande Bretagne<\/li>\n\n\n\n<li>\u00c9tats-Unis<\/li>\n<\/ul>\n\n\n\n<p>\ud83d\udcbc Qu&#039;il s&#039;agisse de vous inscrire sur les r\u00e9seaux sociaux, de consulter des comptes ou de recevoir des codes de v\u00e9rification temporaires, nos num\u00e9ros vous aideront dans toutes vos t\u00e2ches professionnelles.<\/p>\n\n\n\n<p>\ud83c\udf1f Avantages de l&#039;utilisation de nos services :<\/p>\n\n\n\n<ul class=\"wp-block-list\">\n<li>\ud83c\udf10 Large s\u00e9lection de pays<\/li>\n\n\n\n<li>\ud83d\udcf1 Activation rapide des num\u00e9ros<\/li>\n\n\n\n<li>\ud83d\udd12 Confidentialit\u00e9 et anonymat<\/li>\n\n\n\n<li>\u23f0 Validit\u00e9 limit\u00e9e dans le temps des num\u00e9ros<\/li>\n\n\n\n<li>\ud83d\udca1 Interface facile \u00e0 utiliser et intuitive<\/li>\n<\/ul>\n\n\n\n<p>\ud83d\udcb8 Nos chambres sont disponibles \u00e0 des prix abordables ! Prot\u00e9gez vos donn\u00e9es et pr\u00e9servez votre confidentialit\u00e9 avec nos num\u00e9ros de t\u00e9l\u00e9phone jetables. \ud83d\udc4d<\/p>\n\n\n\n<p>\ud83d\udd12 Commandez maintenant et acc\u00e9dez \u00e0 des num\u00e9ros jetables s\u00e9curis\u00e9s et pratiques pour diff\u00e9rents pays\u00a0! \ud83c\udf10\ud83d\udcde<\/p>","protected":false},"excerpt":{"rendered":"<p>\ud83c\udf0d \u041a\u0443\u043f\u0438\u0442\u0435 \u043e\u0434\u043d\u043e\u0440\u0430\u0437\u043e\u0432\u044b\u0435 \u0442\u0435\u043b\u0435\u0444\u043e\u043d\u043d\u044b\u0435 \u043d\u043e\u043c\u0435\u0440\u0430 \u0434\u043b\u044f \u043b\u044e\u0431\u044b\u0445 \u0441\u0442\u0440\u0430\u043d! \ud83d\udcde \ud83d\udd10 \u041e\u0431\u0435\u0441\u043f\u0435\u0447\u044c\u0442\u0435 \u043a\u043e\u043d\u0444\u0438\u0434\u0435\u043d\u0446\u0438\u0430\u043b\u044c\u043d\u043e\u0441\u0442\u044c \u0438 \u0431\u0435\u0437\u043e\u043f\u0430\u0441\u043d\u043e\u0441\u0442\u044c \u0441 \u043f\u043e\u043c\u043e\u0449\u044c\u044e \u043d\u0430\u0448\u0438\u0445 \u043e\u0434\u043d\u043e\u0440\u0430\u0437\u043e\u0432\u044b\u0445 \u043d\u043e\u043c\u0435\u0440\u043e\u0432, \u0434\u043e\u0441\u0442\u0443\u043f\u043d\u044b\u0445 \u0434\u043b\u044f \u043c\u043d\u043e\u0436\u0435\u0441\u0442\u0432\u0430 \u0441\u0442\u0440\u0430\u043d. \ud83c\udf10 \ud83d\udcbc \u0411\u0443\u0434\u044c \u0442\u043e \u0440\u0435\u0433\u0438\u0441\u0442\u0440\u0430\u0446\u0438\u044f \u0432 \u0441\u043e\u0446\u0438\u0430\u043b\u044c\u043d\u044b\u0445 \u0441\u0435\u0442\u044f\u0445, \u043f\u0440\u043e\u0432\u0435\u0440\u043a\u0430 \u0430\u043a\u043a\u0430\u0443\u043d\u0442\u043e\u0432 \u0438\u043b\u0438 \u043f\u043e\u043b\u0443\u0447\u0435\u043d\u0438\u0435 \u0432\u0440\u0435\u043c\u0435\u043d\u043d\u044b\u0445 \u043a\u043e\u0434\u043e\u0432 \u043f\u043e\u0434\u0442\u0432\u0435\u0440\u0436\u0434\u0435\u043d\u0438\u044f &#8212; \u043d\u0430\u0448\u0438 \u043d\u043e\u043c\u0435\u0440\u0430 \u043f\u043e\u043c\u043e\u0433\u0443\u0442 \u0432\u0430\u043c \u0432\u043e \u0432\u0441\u0435\u0445 \u0432\u0430\u0448\u0438\u0445 \u0434\u0435\u043b\u043e\u0432\u044b\u0445 \u0437\u0430\u0434\u0430\u0447\u0430\u0445. \ud83c\udf1f \u041f\u0440\u0435\u0438\u043c\u0443\u0449\u0435\u0441\u0442\u0432\u0430 \u0438\u0441\u043f\u043e\u043b\u044c\u0437\u043e\u0432\u0430\u043d\u0438\u044f \u043d\u0430\u0448\u0438\u0445 \u0443\u0441\u043b\u0443\u0433: \ud83d\udcb8 \u041d\u0430\u0448\u0438 [&hellip;]<\/p>\n","protected":false},"author":1,"featured_media":0,"parent":0,"menu_order":0,"comment_status":"closed","ping_status":"closed","template":"","meta":{"_kadence_starter_templates_imported_post":false,"footnotes":""},"class_list":["post-52","page","type-page","status-publish","hentry"],"acf":[],"yoast_head":"<!-- This site is optimized with the Yoast SEO plugin v27.4 - https:\/\/yoast.com\/product\/yoast-seo-wordpress\/ -->\n<title>\u041e\u0434\u043d\u043e\u0440\u0430\u0437\u043e\u0432\u044b\u0435 \u0442\u0435\u043b\u0435\u0444\u043e\u043d\u043d\u044b\u0435 \u043d\u043e\u043c\u0435\u0440\u0430 \u0434\u043b\u044f \u0440\u0430\u0437\u043d\u044b\u0445 \u0441\u0442\u0440\u0430\u043d<\/title>\n<meta name=\"description\" content=\"\u041f\u043e\u043a\u0443\u043f\u0430\u0439\u0442\u0435 \u043e\u0434\u043d\u043e\u0440\u0430\u0437\u043e\u0432\u044b\u0435 \u0442\u0435\u043b\u0435\u0444\u043e\u043d\u043d\u044b\u0435 \u043d\u043e\u043c\u0435\u0440\u0430 \u0434\u043b\u044f \u0440\u0430\u0437\u043d\u044b\u0445 \u0441\u0442\u0440\u0430\u043d \u0441 \u043c\u0430\u043a\u0441\u0438\u043c\u0430\u043b\u044c\u043d\u043e\u0439 \u043a\u043e\u043d\u0444\u0438\u0434\u0435\u043d\u0446\u0438\u0430\u043b\u044c\u043d\u043e\u0441\u0442\u044c\u044e! \ud83c\udf0d \u0417\u0430\u0449\u0438\u0442\u0438\u0442\u0435 \u0441\u0432\u043e\u0438 \u0434\u0430\u043d\u043d\u044b\u0435 \u0438 \u043e\u0431\u0435\u0441\u043f\u0435\u0447\u044c\u0442\u0435 \u0431\u0435\u0437\u043e\u043f\u0430\u0441\u043d\u043e\u0441\u0442\u044c \u0441\u0432\u043e\u0438\u0445 \u0430\u043a\u043a\u0430\u0443\u043d\u0442\u043e\u0432. \ud83d\udd12 \u041f\u043e\u043b\u0443\u0447\u0438\u0442\u0435 \u0434\u043e\u0441\u0442\u0443\u043f \u043a \u0448\u0438\u0440\u043e\u043a\u043e\u043c\u0443 \u0432\u044b\u0431\u043e\u0440\u0443 \u043d\u043e\u043c\u0435\u0440\u043e\u0432 \u0438 \u043c\u0433\u043d\u043e\u0432\u0435\u043d\u043d\u043e\u0439 \u0430\u043a\u0442\u0438\u0432\u0430\u0446\u0438\u0438. \u0423\u0434\u043e\u0431\u043d\u043e \u0438 \u043d\u0430\u0434\u0435\u0436\u043d\u043e! \ud83d\udcbc\" \/>\n<meta name=\"robots\" content=\"index, follow, max-snippet:-1, max-image-preview:large, max-video-preview:-1\" \/>\n<link rel=\"canonical\" href=\"https:\/\/virtphone.net\/fr\/countries\/\" \/>\n<meta property=\"og:locale\" content=\"fr_FR\" \/>\n<meta property=\"og:type\" content=\"article\" \/>\n<meta property=\"og:title\" content=\"\u041e\u0434\u043d\u043e\u0440\u0430\u0437\u043e\u0432\u044b\u0435 \u0442\u0435\u043b\u0435\u0444\u043e\u043d\u043d\u044b\u0435 \u043d\u043e\u043c\u0435\u0440\u0430 \u0434\u043b\u044f \u0440\u0430\u0437\u043d\u044b\u0445 \u0441\u0442\u0440\u0430\u043d\" \/>\n<meta property=\"og:description\" content=\"\u041f\u043e\u043a\u0443\u043f\u0430\u0439\u0442\u0435 \u043e\u0434\u043d\u043e\u0440\u0430\u0437\u043e\u0432\u044b\u0435 \u0442\u0435\u043b\u0435\u0444\u043e\u043d\u043d\u044b\u0435 \u043d\u043e\u043c\u0435\u0440\u0430 \u0434\u043b\u044f \u0440\u0430\u0437\u043d\u044b\u0445 \u0441\u0442\u0440\u0430\u043d \u0441 \u043c\u0430\u043a\u0441\u0438\u043c\u0430\u043b\u044c\u043d\u043e\u0439 \u043a\u043e\u043d\u0444\u0438\u0434\u0435\u043d\u0446\u0438\u0430\u043b\u044c\u043d\u043e\u0441\u0442\u044c\u044e! \ud83c\udf0d \u0417\u0430\u0449\u0438\u0442\u0438\u0442\u0435 \u0441\u0432\u043e\u0438 \u0434\u0430\u043d\u043d\u044b\u0435 \u0438 \u043e\u0431\u0435\u0441\u043f\u0435\u0447\u044c\u0442\u0435 \u0431\u0435\u0437\u043e\u043f\u0430\u0441\u043d\u043e\u0441\u0442\u044c \u0441\u0432\u043e\u0438\u0445 \u0430\u043a\u043a\u0430\u0443\u043d\u0442\u043e\u0432. \ud83d\udd12 \u041f\u043e\u043b\u0443\u0447\u0438\u0442\u0435 \u0434\u043e\u0441\u0442\u0443\u043f \u043a \u0448\u0438\u0440\u043e\u043a\u043e\u043c\u0443 \u0432\u044b\u0431\u043e\u0440\u0443 \u043d\u043e\u043c\u0435\u0440\u043e\u0432 \u0438 \u043c\u0433\u043d\u043e\u0432\u0435\u043d\u043d\u043e\u0439 \u0430\u043a\u0442\u0438\u0432\u0430\u0446\u0438\u0438. \u0423\u0434\u043e\u0431\u043d\u043e \u0438 \u043d\u0430\u0434\u0435\u0436\u043d\u043e! \ud83d\udcbc\" \/>\n<meta property=\"og:url\" content=\"https:\/\/virtphone.net\/fr\/countries\/\" \/>\n<meta property=\"og:site_name\" content=\"\u041e\u0434\u043d\u043e\u0440\u0430\u0437\u043e\u0432\u044b\u0435 SMS \u043d\u043e\u043c\u0435\u0440\u0430 \u0434\u043b\u044f \u0440\u0435\u0433\u0438\u0441\u0442\u0440\u0430\u0446\u0438\u0438\" \/>\n<meta property=\"article:modified_time\" content=\"2023-07-19T21:12:52+00:00\" \/>\n<meta name=\"twitter:card\" content=\"summary_large_image\" \/>\n<meta name=\"twitter:label1\" content=\"Dur\u00e9e de lecture estim\u00e9e\" \/>\n\t<meta name=\"twitter:data1\" content=\"1 minute\" \/>\n<script type=\"application\/ld+json\" class=\"yoast-schema-graph\">{\"@context\":\"https:\\\/\\\/schema.org\",\"@graph\":[{\"@type\":\"WebPage\",\"@id\":\"https:\\\/\\\/virtphone.net\\\/countries\\\/\",\"url\":\"https:\\\/\\\/virtphone.net\\\/countries\\\/\",\"name\":\"\u041e\u0434\u043d\u043e\u0440\u0430\u0437\u043e\u0432\u044b\u0435 \u0442\u0435\u043b\u0435\u0444\u043e\u043d\u043d\u044b\u0435 \u043d\u043e\u043c\u0435\u0440\u0430 \u0434\u043b\u044f \u0440\u0430\u0437\u043d\u044b\u0445 \u0441\u0442\u0440\u0430\u043d\",\"isPartOf\":{\"@id\":\"https:\\\/\\\/virtphone.net\\\/#website\"},\"datePublished\":\"2023-07-19T21:12:51+00:00\",\"dateModified\":\"2023-07-19T21:12:52+00:00\",\"description\":\"\u041f\u043e\u043a\u0443\u043f\u0430\u0439\u0442\u0435 \u043e\u0434\u043d\u043e\u0440\u0430\u0437\u043e\u0432\u044b\u0435 \u0442\u0435\u043b\u0435\u0444\u043e\u043d\u043d\u044b\u0435 \u043d\u043e\u043c\u0435\u0440\u0430 \u0434\u043b\u044f \u0440\u0430\u0437\u043d\u044b\u0445 \u0441\u0442\u0440\u0430\u043d \u0441 \u043c\u0430\u043a\u0441\u0438\u043c\u0430\u043b\u044c\u043d\u043e\u0439 \u043a\u043e\u043d\u0444\u0438\u0434\u0435\u043d\u0446\u0438\u0430\u043b\u044c\u043d\u043e\u0441\u0442\u044c\u044e! \ud83c\udf0d \u0417\u0430\u0449\u0438\u0442\u0438\u0442\u0435 \u0441\u0432\u043e\u0438 \u0434\u0430\u043d\u043d\u044b\u0435 \u0438 \u043e\u0431\u0435\u0441\u043f\u0435\u0447\u044c\u0442\u0435 \u0431\u0435\u0437\u043e\u043f\u0430\u0441\u043d\u043e\u0441\u0442\u044c \u0441\u0432\u043e\u0438\u0445 \u0430\u043a\u043a\u0430\u0443\u043d\u0442\u043e\u0432. \ud83d\udd12 \u041f\u043e\u043b\u0443\u0447\u0438\u0442\u0435 \u0434\u043e\u0441\u0442\u0443\u043f \u043a \u0448\u0438\u0440\u043e\u043a\u043e\u043c\u0443 \u0432\u044b\u0431\u043e\u0440\u0443 \u043d\u043e\u043c\u0435\u0440\u043e\u0432 \u0438 \u043c\u0433\u043d\u043e\u0432\u0435\u043d\u043d\u043e\u0439 \u0430\u043a\u0442\u0438\u0432\u0430\u0446\u0438\u0438. \u0423\u0434\u043e\u0431\u043d\u043e \u0438 \u043d\u0430\u0434\u0435\u0436\u043d\u043e! \ud83d\udcbc\",\"breadcrumb\":{\"@id\":\"https:\\\/\\\/virtphone.net\\\/countries\\\/#breadcrumb\"},\"inLanguage\":\"fr-FR\",\"potentialAction\":[{\"@type\":\"ReadAction\",\"target\":[\"https:\\\/\\\/virtphone.net\\\/countries\\\/\"]}]},{\"@type\":\"BreadcrumbList\",\"@id\":\"https:\\\/\\\/virtphone.net\\\/countries\\\/#breadcrumb\",\"itemListElement\":[{\"@type\":\"ListItem\",\"position\":1,\"name\":\"\u0413\u043b\u0430\u0432\u043d\u0430\u044f \u0441\u0442\u0440\u0430\u043d\u0438\u0446\u0430\",\"item\":\"https:\\\/\\\/virtphone.net\\\/\"},{\"@type\":\"ListItem\",\"position\":2,\"name\":\"\u041e\u0434\u043d\u043e\u0440\u0430\u0437\u043e\u0432\u044b\u0435 \u043d\u043e\u043c\u0435\u0440\u0430 \u0434\u043b\u044f \u0440\u0430\u0437\u043d\u044b\u0445 \u0441\u0442\u0440\u0430\u043d\"}]},{\"@type\":\"WebSite\",\"@id\":\"https:\\\/\\\/virtphone.net\\\/#website\",\"url\":\"https:\\\/\\\/virtphone.net\\\/\",\"name\":\"\u041e\u0434\u043d\u043e\u0440\u0430\u0437\u043e\u0432\u044b\u0435 SMS \u043d\u043e\u043c\u0435\u0440\u0430 \u0434\u043b\u044f \u0440\u0435\u0433\u0438\u0441\u0442\u0440\u0430\u0446\u0438\u0438\",\"description\":\"\",\"potentialAction\":[{\"@type\":\"SearchAction\",\"target\":{\"@type\":\"EntryPoint\",\"urlTemplate\":\"https:\\\/\\\/virtphone.net\\\/?s={search_term_string}\"},\"query-input\":{\"@type\":\"PropertyValueSpecification\",\"valueRequired\":true,\"valueName\":\"search_term_string\"}}],\"inLanguage\":\"fr-FR\"}]}<\/script>\n<!-- \/ Yoast SEO plugin. -->","yoast_head_json":{"title":"Num\u00e9ros de t\u00e9l\u00e9phone jetables pour diff\u00e9rents pays","description":"Achetez des num\u00e9ros de t\u00e9l\u00e9phone jetables pour diff\u00e9rents pays avec un maximum de confidentialit\u00e9\u00a0! \ud83c\udf0d Prot\u00e9gez vos donn\u00e9es et prot\u00e9gez vos comptes. \ud83d\udd12 Acc\u00e9dez \u00e0 une large s\u00e9lection de num\u00e9ros et \u00e0 une activation instantan\u00e9e. Pratique et fiable ! \ud83d\udcbc","robots":{"index":"index","follow":"follow","max-snippet":"max-snippet:-1","max-image-preview":"max-image-preview:large","max-video-preview":"max-video-preview:-1"},"canonical":"https:\/\/virtphone.net\/fr\/countries\/","og_locale":"fr_FR","og_type":"article","og_title":"\u041e\u0434\u043d\u043e\u0440\u0430\u0437\u043e\u0432\u044b\u0435 \u0442\u0435\u043b\u0435\u0444\u043e\u043d\u043d\u044b\u0435 \u043d\u043e\u043c\u0435\u0440\u0430 \u0434\u043b\u044f \u0440\u0430\u0437\u043d\u044b\u0445 \u0441\u0442\u0440\u0430\u043d","og_description":"\u041f\u043e\u043a\u0443\u043f\u0430\u0439\u0442\u0435 \u043e\u0434\u043d\u043e\u0440\u0430\u0437\u043e\u0432\u044b\u0435 \u0442\u0435\u043b\u0435\u0444\u043e\u043d\u043d\u044b\u0435 \u043d\u043e\u043c\u0435\u0440\u0430 \u0434\u043b\u044f \u0440\u0430\u0437\u043d\u044b\u0445 \u0441\u0442\u0440\u0430\u043d \u0441 \u043c\u0430\u043a\u0441\u0438\u043c\u0430\u043b\u044c\u043d\u043e\u0439 \u043a\u043e\u043d\u0444\u0438\u0434\u0435\u043d\u0446\u0438\u0430\u043b\u044c\u043d\u043e\u0441\u0442\u044c\u044e! \ud83c\udf0d \u0417\u0430\u0449\u0438\u0442\u0438\u0442\u0435 \u0441\u0432\u043e\u0438 \u0434\u0430\u043d\u043d\u044b\u0435 \u0438 \u043e\u0431\u0435\u0441\u043f\u0435\u0447\u044c\u0442\u0435 \u0431\u0435\u0437\u043e\u043f\u0430\u0441\u043d\u043e\u0441\u0442\u044c \u0441\u0432\u043e\u0438\u0445 \u0430\u043a\u043a\u0430\u0443\u043d\u0442\u043e\u0432. \ud83d\udd12 \u041f\u043e\u043b\u0443\u0447\u0438\u0442\u0435 \u0434\u043e\u0441\u0442\u0443\u043f \u043a \u0448\u0438\u0440\u043e\u043a\u043e\u043c\u0443 \u0432\u044b\u0431\u043e\u0440\u0443 \u043d\u043e\u043c\u0435\u0440\u043e\u0432 \u0438 \u043c\u0433\u043d\u043e\u0432\u0435\u043d\u043d\u043e\u0439 \u0430\u043a\u0442\u0438\u0432\u0430\u0446\u0438\u0438. \u0423\u0434\u043e\u0431\u043d\u043e \u0438 \u043d\u0430\u0434\u0435\u0436\u043d\u043e! \ud83d\udcbc","og_url":"https:\/\/virtphone.net\/fr\/countries\/","og_site_name":"\u041e\u0434\u043d\u043e\u0440\u0430\u0437\u043e\u0432\u044b\u0435 SMS \u043d\u043e\u043c\u0435\u0440\u0430 \u0434\u043b\u044f \u0440\u0435\u0433\u0438\u0441\u0442\u0440\u0430\u0446\u0438\u0438","article_modified_time":"2023-07-19T21:12:52+00:00","twitter_card":"summary_large_image","twitter_misc":{"Dur\u00e9e de lecture estim\u00e9e":"1 minute"},"schema":{"@context":"https:\/\/schema.org","@graph":[{"@type":"WebPage","@id":"https:\/\/virtphone.net\/countries\/","url":"https:\/\/virtphone.net\/countries\/","name":"Num\u00e9ros de t\u00e9l\u00e9phone jetables pour diff\u00e9rents pays","isPartOf":{"@id":"https:\/\/virtphone.net\/#website"},"datePublished":"2023-07-19T21:12:51+00:00","dateModified":"2023-07-19T21:12:52+00:00","description":"Achetez des num\u00e9ros de t\u00e9l\u00e9phone jetables pour diff\u00e9rents pays avec un maximum de confidentialit\u00e9\u00a0! \ud83c\udf0d Prot\u00e9gez vos donn\u00e9es et prot\u00e9gez vos comptes. \ud83d\udd12 Acc\u00e9dez \u00e0 une large s\u00e9lection de num\u00e9ros et \u00e0 une activation instantan\u00e9e. Pratique et fiable ! \ud83d\udcbc","breadcrumb":{"@id":"https:\/\/virtphone.net\/countries\/#breadcrumb"},"inLanguage":"fr-FR","potentialAction":[{"@type":"ReadAction","target":["https:\/\/virtphone.net\/countries\/"]}]},{"@type":"BreadcrumbList","@id":"https:\/\/virtphone.net\/countries\/#breadcrumb","itemListElement":[{"@type":"ListItem","position":1,"name":"\u0413\u043b\u0430\u0432\u043d\u0430\u044f \u0441\u0442\u0440\u0430\u043d\u0438\u0446\u0430","item":"https:\/\/virtphone.net\/"},{"@type":"ListItem","position":2,"name":"\u041e\u0434\u043d\u043e\u0440\u0430\u0437\u043e\u0432\u044b\u0435 \u043d\u043e\u043c\u0435\u0440\u0430 \u0434\u043b\u044f \u0440\u0430\u0437\u043d\u044b\u0445 \u0441\u0442\u0440\u0430\u043d"}]},{"@type":"WebSite","@id":"https:\/\/virtphone.net\/#website","url":"https:\/\/virtphone.net\/","name":"Num\u00e9ros SMS jetables pour l&#039;inscription","description":"","potentialAction":[{"@type":"SearchAction","target":{"@type":"EntryPoint","urlTemplate":"https:\/\/virtphone.net\/?s={search_term_string}"},"query-input":{"@type":"PropertyValueSpecification","valueRequired":true,"valueName":"search_term_string"}}],"inLanguage":"fr-FR"}]}},"_links":{"self":[{"href":"https:\/\/virtphone.net\/fr\/wp-json\/wp\/v2\/pages\/52","targetHints":{"allow":["GET"]}}],"collection":[{"href":"https:\/\/virtphone.net\/fr\/wp-json\/wp\/v2\/pages"}],"about":[{"href":"https:\/\/virtphone.net\/fr\/wp-json\/wp\/v2\/types\/page"}],"author":[{"embeddable":true,"href":"https:\/\/virtphone.net\/fr\/wp-json\/wp\/v2\/users\/1"}],"replies":[{"embeddable":true,"href":"https:\/\/virtphone.net\/fr\/wp-json\/wp\/v2\/comments?post=52"}],"version-history":[{"count":1,"href":"https:\/\/virtphone.net\/fr\/wp-json\/wp\/v2\/pages\/52\/revisions"}],"predecessor-version":[{"id":53,"href":"https:\/\/virtphone.net\/fr\/wp-json\/wp\/v2\/pages\/52\/revisions\/53"}],"wp:attachment":[{"href":"https:\/\/virtphone.net\/fr\/wp-json\/wp\/v2\/media?parent=52"}],"curies":[{"name":"wp","href":"https:\/\/api.w.org\/{rel}","templated":true}]}}