{"id":99,"date":"2023-08-24T20:16:14","date_gmt":"2023-08-24T17:16:14","guid":{"rendered":"https:\/\/virtphone.net\/avito-copy\/"},"modified":"2023-08-24T20:17:32","modified_gmt":"2023-08-24T17:17:32","slug":"google","status":"publish","type":"page","link":"https:\/\/virtphone.net\/fr\/google\/","title":{"rendered":"Num\u00e9ros virtuels pour Google"},"content":{"rendered":"<h2 class=\"wp-block-heading\">Comment enregistrer un compte Google \u00e0 l&#039;aide d&#039;un num\u00e9ro virtuel \u00e0 usage unique ?<\/h2>\n\n\n\n<ol class=\"wp-block-list\">\n<li><strong>Obtenir un num\u00e9ro virtuel<\/strong>: Vous aurez besoin d&#039;un num\u00e9ro de t\u00e9l\u00e9phone virtuel. Voici les instructions pour obtenir un num\u00e9ro pour Google dans notre service :\n<ol class=\"wp-block-list\">\n<li>Inscrivez-vous \u00e0 \ud83d\udd12 <a href=\"https:\/\/lk.freeje.com\/ru\/component\/telecomax\/?task=register\" rel=\"nofollow\">notre site Web<\/a>.<\/li>\n\n\n\n<li>Rechargez votre solde.<\/li>\n\n\n\n<li>S\u00e9lectionnez le pays dans lequel vous souhaitez acheter un num\u00e9ro.<\/li>\n\n\n\n<li>S\u00e9lectionnez le service Google.<\/li>\n\n\n\n<li>Cliquez sur le bouton <a href=\"https:\/\/lk.freeje.com\/ru\/component\/telecomax\/?task=buyunregistred&amp;type=one-use-sms-numbers\"><span style=\"color: #fff;background-color: #428bca;border-color: #357ebd;padding: 6px 12px;margin-bottom: 0;font-size: 14px;font-weight: 400;line-height: 1.4;text-align: center;vertical-align: middle;cursor: pointer;background-image: none;border: 1px solid transparent;border-radius: 4px\">\ud83d\udcf1 Obtenez un num\u00e9ro<\/span><\/a>.<\/li>\n\n\n\n<li>Utilisez-le pour vous inscrire aupr\u00e8s de Google.<\/li>\n<\/ol>\n<\/li>\n\n\n\n<li><strong>Installation de Google<\/strong>: Si vous n&#039;avez pas encore l&#039;application Google, installez-la en la t\u00e9l\u00e9chargeant depuis l&#039;un des liens\u00a0:\n<ul class=\"wp-block-list\">\n<li><a href=\"https:\/\/play.google.com\/store\/apps\/details?id=com.google.android.googlequicksearchbox\">Google pour Android<\/a><\/li>\n\n\n\n<li><a href=\"https:\/\/apps.apple.com\/us\/app\/google\/id284815942\">Google pour iPhone et iPad<\/a><\/li>\n\n\n\n<li><a href=\"https:\/\/www.google.com\/\">Version Web de Google<\/a><\/li>\n<\/ul>\n<\/li>\n\n\n\n<li><strong>Inscription aupr\u00e8s de Google\u00a0:<\/strong> Lancez l&#039;application Google et cliquez sur le bouton \u00ab Commencer \u00bb. Entrez le num\u00e9ro de t\u00e9l\u00e9phone virtuel que vous avez re\u00e7u lors de la premi\u00e8re \u00e9tape.<\/li>\n\n\n\n<li><strong>Confirmation du num\u00e9ro\u00a0:<\/strong> Google enverra un SMS avec un code de v\u00e9rification \u00e0 votre num\u00e9ro virtuel. Saisissez ce code dans l&#039;application Google.<\/li>\n\n\n\n<li><strong>Finalisation de l&#039;inscription<\/strong>: Une fois votre num\u00e9ro confirm\u00e9, vous pourrez finaliser le processus d&#039;inscription en saisissant votre nom et en ajoutant une photo de profil si vous le souhaitez.<\/li>\n<\/ol>\n\n\n\n<p>Veuillez noter que certains num\u00e9ros virtuels peuvent ne pas fonctionner avec Google, car ils peuvent \u00eatre bloqu\u00e9s \u00e0 des fins de spam. Si vous rencontrez un probl\u00e8me, essayez d\u2019utiliser un autre num\u00e9ro ou service virtuel.<\/p>","protected":false},"excerpt":{"rendered":"<p>Comment cr\u00e9er un compte en utilisant un num\u00e9ro virtuel \u00e0 usage unique ? Veuillez noter que certains num\u00e9ros virtuels peuvent ne pas fonctionner avec , car ils peuvent \u00eatre bloqu\u00e9s \u00e0 des fins de spam. Si vous rencontrez un probl\u00e8me, essayez d\u2019utiliser un autre num\u00e9ro ou service virtuel.<\/p>","protected":false},"author":1,"featured_media":0,"parent":0,"menu_order":0,"comment_status":"closed","ping_status":"closed","template":"","meta":{"_kadence_starter_templates_imported_post":false,"footnotes":""},"class_list":["post-99","page","type-page","status-publish","hentry"],"acf":[],"yoast_head":"<!-- This site is optimized with the Yoast SEO plugin v27.5 - https:\/\/yoast.com\/product\/yoast-seo-wordpress\/ -->\n<title>\u041a\u0443\u043f\u0438\u0442\u044c \u0412\u0438\u0440\u0442\u0443\u0430\u043b\u044c\u043d\u044b\u0439 \u041d\u043e\u043c\u0435\u0440 \u0434\u043b\u044f Google | \u0411\u044b\u0441\u0442\u0440\u043e \u0438 \u041d\u0430\u0434\u0435\u0436\u043d\u043e<\/title>\n<meta name=\"description\" content=\"\u041f\u043e\u043b\u0443\u0447\u0438\u0442\u0435 \u0441\u0432\u043e\u0439 \u0432\u0438\u0440\u0442\u0443\u0430\u043b\u044c\u043d\u044b\u0439 \u043d\u043e\u043c\u0435\u0440 \u0434\u043b\u044f Google \u0432\u0441\u0435\u0433\u043e \u0437\u0430 \u043d\u0435\u0441\u043a\u043e\u043b\u044c\u043a\u043e \u043a\u043b\u0438\u043a\u043e\u0432. \u0411\u044b\u0441\u0442\u0440\u043e, \u043d\u0430\u0434\u0435\u0436\u043d\u043e \u0438 \u0430\u043d\u043e\u043d\u0438\u043c\u043d\u043e. \u041e\u0442\u0437\u044b\u0432\u0447\u0438\u0432\u0430\u044f \u043f\u043e\u0434\u0434\u0435\u0440\u0436\u043a\u0430. \u041f\u0440\u0438\u0441\u043e\u0435\u0434\u0438\u043d\u044f\u0439\u0442\u0435\u0441\u044c \u043a \u0442\u044b\u0441\u044f\u0447\u0430\u043c \u0434\u043e\u0432\u043e\u043b\u044c\u043d\u044b\u0445 \u043a\u043b\u0438\u0435\u043d\u0442\u043e\u0432!\" \/>\n<meta name=\"robots\" content=\"index, follow, max-snippet:-1, max-image-preview:large, max-video-preview:-1\" \/>\n<link rel=\"canonical\" href=\"https:\/\/virtphone.net\/fr\/google\/\" \/>\n<meta property=\"og:locale\" content=\"fr_FR\" \/>\n<meta property=\"og:type\" content=\"article\" \/>\n<meta property=\"og:title\" content=\"\u041a\u0443\u043f\u0438\u0442\u044c \u0412\u0438\u0440\u0442\u0443\u0430\u043b\u044c\u043d\u044b\u0439 \u041d\u043e\u043c\u0435\u0440 \u0434\u043b\u044f Google | \u0411\u044b\u0441\u0442\u0440\u043e \u0438 \u041d\u0430\u0434\u0435\u0436\u043d\u043e\" \/>\n<meta property=\"og:description\" content=\"\u041f\u043e\u043b\u0443\u0447\u0438\u0442\u0435 \u0441\u0432\u043e\u0439 \u0432\u0438\u0440\u0442\u0443\u0430\u043b\u044c\u043d\u044b\u0439 \u043d\u043e\u043c\u0435\u0440 \u0434\u043b\u044f Google \u0432\u0441\u0435\u0433\u043e \u0437\u0430 \u043d\u0435\u0441\u043a\u043e\u043b\u044c\u043a\u043e \u043a\u043b\u0438\u043a\u043e\u0432. \u0411\u044b\u0441\u0442\u0440\u043e, \u043d\u0430\u0434\u0435\u0436\u043d\u043e \u0438 \u0430\u043d\u043e\u043d\u0438\u043c\u043d\u043e. \u041e\u0442\u0437\u044b\u0432\u0447\u0438\u0432\u0430\u044f \u043f\u043e\u0434\u0434\u0435\u0440\u0436\u043a\u0430. \u041f\u0440\u0438\u0441\u043e\u0435\u0434\u0438\u043d\u044f\u0439\u0442\u0435\u0441\u044c \u043a \u0442\u044b\u0441\u044f\u0447\u0430\u043c \u0434\u043e\u0432\u043e\u043b\u044c\u043d\u044b\u0445 \u043a\u043b\u0438\u0435\u043d\u0442\u043e\u0432!\" \/>\n<meta property=\"og:url\" content=\"https:\/\/virtphone.net\/fr\/google\/\" \/>\n<meta property=\"og:site_name\" content=\"\u041e\u0434\u043d\u043e\u0440\u0430\u0437\u043e\u0432\u044b\u0435 SMS \u043d\u043e\u043c\u0435\u0440\u0430 \u0434\u043b\u044f \u0440\u0435\u0433\u0438\u0441\u0442\u0440\u0430\u0446\u0438\u0438\" \/>\n<meta property=\"article:modified_time\" content=\"2023-08-24T17:17:32+00:00\" \/>\n<meta name=\"twitter:card\" content=\"summary_large_image\" \/>\n<meta name=\"twitter:label1\" content=\"Dur\u00e9e de lecture estim\u00e9e\" \/>\n\t<meta name=\"twitter:data1\" content=\"2 minutes\" \/>\n<script type=\"application\/ld+json\" class=\"yoast-schema-graph\">{\"@context\":\"https:\\\/\\\/schema.org\",\"@graph\":[{\"@type\":\"WebPage\",\"@id\":\"https:\\\/\\\/virtphone.net\\\/google\\\/\",\"url\":\"https:\\\/\\\/virtphone.net\\\/google\\\/\",\"name\":\"\u041a\u0443\u043f\u0438\u0442\u044c \u0412\u0438\u0440\u0442\u0443\u0430\u043b\u044c\u043d\u044b\u0439 \u041d\u043e\u043c\u0435\u0440 \u0434\u043b\u044f Google | \u0411\u044b\u0441\u0442\u0440\u043e \u0438 \u041d\u0430\u0434\u0435\u0436\u043d\u043e\",\"isPartOf\":{\"@id\":\"https:\\\/\\\/virtphone.net\\\/#website\"},\"datePublished\":\"2023-08-24T17:16:14+00:00\",\"dateModified\":\"2023-08-24T17:17:32+00:00\",\"description\":\"\u041f\u043e\u043b\u0443\u0447\u0438\u0442\u0435 \u0441\u0432\u043e\u0439 \u0432\u0438\u0440\u0442\u0443\u0430\u043b\u044c\u043d\u044b\u0439 \u043d\u043e\u043c\u0435\u0440 \u0434\u043b\u044f Google \u0432\u0441\u0435\u0433\u043e \u0437\u0430 \u043d\u0435\u0441\u043a\u043e\u043b\u044c\u043a\u043e \u043a\u043b\u0438\u043a\u043e\u0432. \u0411\u044b\u0441\u0442\u0440\u043e, \u043d\u0430\u0434\u0435\u0436\u043d\u043e \u0438 \u0430\u043d\u043e\u043d\u0438\u043c\u043d\u043e. \u041e\u0442\u0437\u044b\u0432\u0447\u0438\u0432\u0430\u044f \u043f\u043e\u0434\u0434\u0435\u0440\u0436\u043a\u0430. \u041f\u0440\u0438\u0441\u043e\u0435\u0434\u0438\u043d\u044f\u0439\u0442\u0435\u0441\u044c \u043a \u0442\u044b\u0441\u044f\u0447\u0430\u043c \u0434\u043e\u0432\u043e\u043b\u044c\u043d\u044b\u0445 \u043a\u043b\u0438\u0435\u043d\u0442\u043e\u0432!\",\"breadcrumb\":{\"@id\":\"https:\\\/\\\/virtphone.net\\\/google\\\/#breadcrumb\"},\"inLanguage\":\"fr-FR\",\"potentialAction\":[{\"@type\":\"ReadAction\",\"target\":[\"https:\\\/\\\/virtphone.net\\\/google\\\/\"]}]},{\"@type\":\"BreadcrumbList\",\"@id\":\"https:\\\/\\\/virtphone.net\\\/google\\\/#breadcrumb\",\"itemListElement\":[{\"@type\":\"ListItem\",\"position\":1,\"name\":\"\u0413\u043b\u0430\u0432\u043d\u0430\u044f \u0441\u0442\u0440\u0430\u043d\u0438\u0446\u0430\",\"item\":\"https:\\\/\\\/virtphone.net\\\/\"},{\"@type\":\"ListItem\",\"position\":2,\"name\":\"\u0412\u0438\u0440\u0442\u0443\u0430\u043b\u044c\u043d\u044b\u0435 \u043d\u043e\u043c\u0435\u0440\u0430 \u0434\u043b\u044f Google\"}]},{\"@type\":\"WebSite\",\"@id\":\"https:\\\/\\\/virtphone.net\\\/#website\",\"url\":\"https:\\\/\\\/virtphone.net\\\/\",\"name\":\"\u041e\u0434\u043d\u043e\u0440\u0430\u0437\u043e\u0432\u044b\u0435 SMS \u043d\u043e\u043c\u0435\u0440\u0430 \u0434\u043b\u044f \u0440\u0435\u0433\u0438\u0441\u0442\u0440\u0430\u0446\u0438\u0438\",\"description\":\"\",\"potentialAction\":[{\"@type\":\"SearchAction\",\"target\":{\"@type\":\"EntryPoint\",\"urlTemplate\":\"https:\\\/\\\/virtphone.net\\\/?s={search_term_string}\"},\"query-input\":{\"@type\":\"PropertyValueSpecification\",\"valueRequired\":true,\"valueName\":\"search_term_string\"}}],\"inLanguage\":\"fr-FR\"}]}<\/script>\n<!-- \/ Yoast SEO plugin. -->","yoast_head_json":{"title":"Acheter un num\u00e9ro virtuel pour Google | Rapide et fiable","description":"Obtenez votre num\u00e9ro virtuel pour Google en quelques clics. Rapide, s\u00e9curis\u00e9 et anonyme. Un support r\u00e9actif. Rejoignez des milliers de clients satisfaits !","robots":{"index":"index","follow":"follow","max-snippet":"max-snippet:-1","max-image-preview":"max-image-preview:large","max-video-preview":"max-video-preview:-1"},"canonical":"https:\/\/virtphone.net\/fr\/google\/","og_locale":"fr_FR","og_type":"article","og_title":"\u041a\u0443\u043f\u0438\u0442\u044c \u0412\u0438\u0440\u0442\u0443\u0430\u043b\u044c\u043d\u044b\u0439 \u041d\u043e\u043c\u0435\u0440 \u0434\u043b\u044f Google | \u0411\u044b\u0441\u0442\u0440\u043e \u0438 \u041d\u0430\u0434\u0435\u0436\u043d\u043e","og_description":"\u041f\u043e\u043b\u0443\u0447\u0438\u0442\u0435 \u0441\u0432\u043e\u0439 \u0432\u0438\u0440\u0442\u0443\u0430\u043b\u044c\u043d\u044b\u0439 \u043d\u043e\u043c\u0435\u0440 \u0434\u043b\u044f Google \u0432\u0441\u0435\u0433\u043e \u0437\u0430 \u043d\u0435\u0441\u043a\u043e\u043b\u044c\u043a\u043e \u043a\u043b\u0438\u043a\u043e\u0432. \u0411\u044b\u0441\u0442\u0440\u043e, \u043d\u0430\u0434\u0435\u0436\u043d\u043e \u0438 \u0430\u043d\u043e\u043d\u0438\u043c\u043d\u043e. \u041e\u0442\u0437\u044b\u0432\u0447\u0438\u0432\u0430\u044f \u043f\u043e\u0434\u0434\u0435\u0440\u0436\u043a\u0430. \u041f\u0440\u0438\u0441\u043e\u0435\u0434\u0438\u043d\u044f\u0439\u0442\u0435\u0441\u044c \u043a \u0442\u044b\u0441\u044f\u0447\u0430\u043c \u0434\u043e\u0432\u043e\u043b\u044c\u043d\u044b\u0445 \u043a\u043b\u0438\u0435\u043d\u0442\u043e\u0432!","og_url":"https:\/\/virtphone.net\/fr\/google\/","og_site_name":"\u041e\u0434\u043d\u043e\u0440\u0430\u0437\u043e\u0432\u044b\u0435 SMS \u043d\u043e\u043c\u0435\u0440\u0430 \u0434\u043b\u044f \u0440\u0435\u0433\u0438\u0441\u0442\u0440\u0430\u0446\u0438\u0438","article_modified_time":"2023-08-24T17:17:32+00:00","twitter_card":"summary_large_image","twitter_misc":{"Dur\u00e9e de lecture estim\u00e9e":"2 minutes"},"schema":{"@context":"https:\/\/schema.org","@graph":[{"@type":"WebPage","@id":"https:\/\/virtphone.net\/google\/","url":"https:\/\/virtphone.net\/google\/","name":"Acheter un num\u00e9ro virtuel pour Google | Rapide et fiable","isPartOf":{"@id":"https:\/\/virtphone.net\/#website"},"datePublished":"2023-08-24T17:16:14+00:00","dateModified":"2023-08-24T17:17:32+00:00","description":"Obtenez votre num\u00e9ro virtuel pour Google en quelques clics. Rapide, s\u00e9curis\u00e9 et anonyme. Un support r\u00e9actif. Rejoignez des milliers de clients satisfaits !","breadcrumb":{"@id":"https:\/\/virtphone.net\/google\/#breadcrumb"},"inLanguage":"fr-FR","potentialAction":[{"@type":"ReadAction","target":["https:\/\/virtphone.net\/google\/"]}]},{"@type":"BreadcrumbList","@id":"https:\/\/virtphone.net\/google\/#breadcrumb","itemListElement":[{"@type":"ListItem","position":1,"name":"\u0413\u043b\u0430\u0432\u043d\u0430\u044f \u0441\u0442\u0440\u0430\u043d\u0438\u0446\u0430","item":"https:\/\/virtphone.net\/"},{"@type":"ListItem","position":2,"name":"\u0412\u0438\u0440\u0442\u0443\u0430\u043b\u044c\u043d\u044b\u0435 \u043d\u043e\u043c\u0435\u0440\u0430 \u0434\u043b\u044f Google"}]},{"@type":"WebSite","@id":"https:\/\/virtphone.net\/#website","url":"https:\/\/virtphone.net\/","name":"Num\u00e9ros SMS jetables pour l&#039;inscription","description":"","potentialAction":[{"@type":"SearchAction","target":{"@type":"EntryPoint","urlTemplate":"https:\/\/virtphone.net\/?s={search_term_string}"},"query-input":{"@type":"PropertyValueSpecification","valueRequired":true,"valueName":"search_term_string"}}],"inLanguage":"fr-FR"}]}},"_links":{"self":[{"href":"https:\/\/virtphone.net\/fr\/wp-json\/wp\/v2\/pages\/99","targetHints":{"allow":["GET"]}}],"collection":[{"href":"https:\/\/virtphone.net\/fr\/wp-json\/wp\/v2\/pages"}],"about":[{"href":"https:\/\/virtphone.net\/fr\/wp-json\/wp\/v2\/types\/page"}],"author":[{"embeddable":true,"href":"https:\/\/virtphone.net\/fr\/wp-json\/wp\/v2\/users\/1"}],"replies":[{"embeddable":true,"href":"https:\/\/virtphone.net\/fr\/wp-json\/wp\/v2\/comments?post=99"}],"version-history":[{"count":2,"href":"https:\/\/virtphone.net\/fr\/wp-json\/wp\/v2\/pages\/99\/revisions"}],"predecessor-version":[{"id":102,"href":"https:\/\/virtphone.net\/fr\/wp-json\/wp\/v2\/pages\/99\/revisions\/102"}],"wp:attachment":[{"href":"https:\/\/virtphone.net\/fr\/wp-json\/wp\/v2\/media?parent=99"}],"curies":[{"name":"wp","href":"https:\/\/api.w.org\/{rel}","templated":true}]}}