{"id":105,"date":"2023-09-08T00:38:40","date_gmt":"2023-09-07T21:38:40","guid":{"rendered":"https:\/\/virtphone.net\/avito-copy\/"},"modified":"2023-09-08T00:40:34","modified_gmt":"2023-09-07T21:40:34","slug":"signal","status":"publish","type":"page","link":"https:\/\/virtphone.net\/pt\/signal\/","title":{"rendered":"N\u00fameros virtuais para Signal"},"content":{"rendered":"<h2 class=\"wp-block-heading\">Como registrar uma conta Signal usando um n\u00famero virtual \u00fanico?<\/h2>\n\n\n\n<ol class=\"wp-block-list\">\n<li><strong>Obtendo um n\u00famero virtual<\/strong>: voc\u00ea precisar\u00e1 de um n\u00famero de telefone virtual. Aqui est\u00e3o as instru\u00e7\u00f5es para obter um n\u00famero para Signal em nosso servi\u00e7o:\n<ol class=\"wp-block-list\">\n<li>Inscreva-se em \ud83d\udd12 <a href=\"https:\/\/lk.freeje.com\/ru\/component\/telecomax\/?task=register\" rel=\"nofollow\">nosso site<\/a>.<\/li>\n\n\n\n<li>Recarregue seu saldo.<\/li>\n\n\n\n<li>Selecione o pa\u00eds no qual deseja comprar um n\u00famero.<\/li>\n\n\n\n<li>Selecione o servi\u00e7o Sinal.<\/li>\n\n\n\n<li>Clique no bot\u00e3o <a href=\"https:\/\/lk.freeje.com\/ru\/component\/telecomax\/?task=buyunregistred&amp;type=one-use-sms-numbers\"><span style=\"color: #fff;background-color: #428bca;border-color: #357ebd;padding: 6px 12px;margin-bottom: 0;font-size: 14px;font-weight: 400;line-height: 1.4;text-align: center;vertical-align: middle;cursor: pointer;background-image: none;border: 1px solid transparent;border-radius: 4px\">\ud83d\udcf1 Obtenha um n\u00famero<\/span><\/a>.<\/li>\n\n\n\n<li>Use-o para se inscrever no Signal.<\/li>\n<\/ol>\n<\/li>\n\n\n\n<li><strong>Instala\u00e7\u00e3o de sinal<\/strong>: Se voc\u00ea ainda n\u00e3o possui o aplicativo Signal, instale-o baixando um dos links:\n<ul class=\"wp-block-list\">\n<li><a href=\"https:\/\/play.google.com\/store\/apps\/details?id=org.thoughtcrime.securesms&amp;hl=en_US&amp;gl=US\">Sinal para Android<\/a><\/li>\n\n\n\n<li><a href=\"https:\/\/apps.apple.com\/us\/app\/signal-private-messenger\/id874139669\">Sinal para iPhone e iPad<\/a><\/li>\n\n\n\n<li><a href=\"https:\/\/signal.org\/download\/\">Vers\u00e3o web do Signal<\/a><\/li>\n<\/ul>\n<\/li>\n\n\n\n<li><strong>Cadastro no Signal:<\/strong> Inicie o aplicativo Signal e clique no bot\u00e3o &quot;Come\u00e7ar&quot;. Digite o n\u00famero de telefone virtual que voc\u00ea recebeu na primeira etapa.<\/li>\n\n\n\n<li><strong>Confirma\u00e7\u00e3o do n\u00famero:<\/strong> O sinal enviar\u00e1 um SMS com um c\u00f3digo de confirma\u00e7\u00e3o para o seu n\u00famero virtual. Digite este c\u00f3digo no aplicativo Signal.<\/li>\n\n\n\n<li><strong>Concluindo o registro<\/strong>: Assim que seu n\u00famero for confirmado, voc\u00ea poder\u00e1 concluir o processo de registro digitando seu nome e adicionando uma foto de perfil, se desejar.<\/li>\n<\/ol>\n\n\n\n<p>Observe que alguns n\u00fameros virtuais podem n\u00e3o funcionar com o Signal, pois podem ser bloqueados para fins de spam. Se voc\u00ea encontrar algum problema, tente usar um n\u00famero virtual ou servi\u00e7o diferente.<\/p>","protected":false},"excerpt":{"rendered":"<p>Como registrar uma conta usando um n\u00famero virtual \u00fanico? Observe que alguns n\u00fameros virtuais podem n\u00e3o funcionar, pois podem ser bloqueados para fins de spam. Se voc\u00ea encontrar algum problema, tente usar um n\u00famero virtual ou servi\u00e7o diferente.<\/p>","protected":false},"author":1,"featured_media":0,"parent":0,"menu_order":0,"comment_status":"closed","ping_status":"closed","template":"","meta":{"_kadence_starter_templates_imported_post":false,"footnotes":""},"class_list":["post-105","page","type-page","status-publish","hentry"],"acf":[],"yoast_head":"<!-- This site is optimized with the Yoast SEO plugin v27.4 - https:\/\/yoast.com\/product\/yoast-seo-wordpress\/ -->\n<title>\u041a\u0443\u043f\u0438\u0442\u044c \u0412\u0438\u0440\u0442\u0443\u0430\u043b\u044c\u043d\u044b\u0439 \u041d\u043e\u043c\u0435\u0440 \u0434\u043b\u044f Signal | \u0411\u044b\u0441\u0442\u0440\u043e \u0438 \u041d\u0430\u0434\u0435\u0436\u043d\u043e<\/title>\n<meta name=\"description\" content=\"\u041f\u043e\u043b\u0443\u0447\u0438\u0442\u0435 \u0441\u0432\u043e\u0439 \u0432\u0438\u0440\u0442\u0443\u0430\u043b\u044c\u043d\u044b\u0439 \u043d\u043e\u043c\u0435\u0440 \u0434\u043b\u044f Signal \u0432\u0441\u0435\u0433\u043e \u0437\u0430 \u043d\u0435\u0441\u043a\u043e\u043b\u044c\u043a\u043e \u043a\u043b\u0438\u043a\u043e\u0432. \u0411\u044b\u0441\u0442\u0440\u043e, \u043d\u0430\u0434\u0435\u0436\u043d\u043e \u0438 \u0430\u043d\u043e\u043d\u0438\u043c\u043d\u043e. \u041e\u0442\u0437\u044b\u0432\u0447\u0438\u0432\u0430\u044f \u043f\u043e\u0434\u0434\u0435\u0440\u0436\u043a\u0430. \u041f\u0440\u0438\u0441\u043e\u0435\u0434\u0438\u043d\u044f\u0439\u0442\u0435\u0441\u044c \u043a \u0442\u044b\u0441\u044f\u0447\u0430\u043c \u0434\u043e\u0432\u043e\u043b\u044c\u043d\u044b\u0445 \u043a\u043b\u0438\u0435\u043d\u0442\u043e\u0432!\" \/>\n<meta name=\"robots\" content=\"index, follow, max-snippet:-1, max-image-preview:large, max-video-preview:-1\" \/>\n<link rel=\"canonical\" href=\"https:\/\/virtphone.net\/pt\/signal\/\" \/>\n<meta property=\"og:locale\" content=\"pt_BR\" \/>\n<meta property=\"og:type\" content=\"article\" \/>\n<meta property=\"og:title\" content=\"\u041a\u0443\u043f\u0438\u0442\u044c \u0412\u0438\u0440\u0442\u0443\u0430\u043b\u044c\u043d\u044b\u0439 \u041d\u043e\u043c\u0435\u0440 \u0434\u043b\u044f Signal | \u0411\u044b\u0441\u0442\u0440\u043e \u0438 \u041d\u0430\u0434\u0435\u0436\u043d\u043e\" \/>\n<meta property=\"og:description\" content=\"\u041f\u043e\u043b\u0443\u0447\u0438\u0442\u0435 \u0441\u0432\u043e\u0439 \u0432\u0438\u0440\u0442\u0443\u0430\u043b\u044c\u043d\u044b\u0439 \u043d\u043e\u043c\u0435\u0440 \u0434\u043b\u044f Signal \u0432\u0441\u0435\u0433\u043e \u0437\u0430 \u043d\u0435\u0441\u043a\u043e\u043b\u044c\u043a\u043e \u043a\u043b\u0438\u043a\u043e\u0432. \u0411\u044b\u0441\u0442\u0440\u043e, \u043d\u0430\u0434\u0435\u0436\u043d\u043e \u0438 \u0430\u043d\u043e\u043d\u0438\u043c\u043d\u043e. \u041e\u0442\u0437\u044b\u0432\u0447\u0438\u0432\u0430\u044f \u043f\u043e\u0434\u0434\u0435\u0440\u0436\u043a\u0430. \u041f\u0440\u0438\u0441\u043e\u0435\u0434\u0438\u043d\u044f\u0439\u0442\u0435\u0441\u044c \u043a \u0442\u044b\u0441\u044f\u0447\u0430\u043c \u0434\u043e\u0432\u043e\u043b\u044c\u043d\u044b\u0445 \u043a\u043b\u0438\u0435\u043d\u0442\u043e\u0432!\" \/>\n<meta property=\"og:url\" content=\"https:\/\/virtphone.net\/pt\/signal\/\" \/>\n<meta property=\"og:site_name\" content=\"\u041e\u0434\u043d\u043e\u0440\u0430\u0437\u043e\u0432\u044b\u0435 SMS \u043d\u043e\u043c\u0435\u0440\u0430 \u0434\u043b\u044f \u0440\u0435\u0433\u0438\u0441\u0442\u0440\u0430\u0446\u0438\u0438\" \/>\n<meta property=\"article:modified_time\" content=\"2023-09-07T21:40:34+00:00\" \/>\n<meta name=\"twitter:card\" content=\"summary_large_image\" \/>\n<meta name=\"twitter:label1\" content=\"Est. tempo de leitura\" \/>\n\t<meta name=\"twitter:data1\" content=\"2 minutos\" \/>\n<script type=\"application\/ld+json\" class=\"yoast-schema-graph\">{\"@context\":\"https:\\\/\\\/schema.org\",\"@graph\":[{\"@type\":\"WebPage\",\"@id\":\"https:\\\/\\\/virtphone.net\\\/signal\\\/\",\"url\":\"https:\\\/\\\/virtphone.net\\\/signal\\\/\",\"name\":\"\u041a\u0443\u043f\u0438\u0442\u044c \u0412\u0438\u0440\u0442\u0443\u0430\u043b\u044c\u043d\u044b\u0439 \u041d\u043e\u043c\u0435\u0440 \u0434\u043b\u044f Signal | \u0411\u044b\u0441\u0442\u0440\u043e \u0438 \u041d\u0430\u0434\u0435\u0436\u043d\u043e\",\"isPartOf\":{\"@id\":\"https:\\\/\\\/virtphone.net\\\/#website\"},\"datePublished\":\"2023-09-07T21:38:40+00:00\",\"dateModified\":\"2023-09-07T21:40:34+00:00\",\"description\":\"\u041f\u043e\u043b\u0443\u0447\u0438\u0442\u0435 \u0441\u0432\u043e\u0439 \u0432\u0438\u0440\u0442\u0443\u0430\u043b\u044c\u043d\u044b\u0439 \u043d\u043e\u043c\u0435\u0440 \u0434\u043b\u044f Signal \u0432\u0441\u0435\u0433\u043e \u0437\u0430 \u043d\u0435\u0441\u043a\u043e\u043b\u044c\u043a\u043e \u043a\u043b\u0438\u043a\u043e\u0432. \u0411\u044b\u0441\u0442\u0440\u043e, \u043d\u0430\u0434\u0435\u0436\u043d\u043e \u0438 \u0430\u043d\u043e\u043d\u0438\u043c\u043d\u043e. \u041e\u0442\u0437\u044b\u0432\u0447\u0438\u0432\u0430\u044f \u043f\u043e\u0434\u0434\u0435\u0440\u0436\u043a\u0430. \u041f\u0440\u0438\u0441\u043e\u0435\u0434\u0438\u043d\u044f\u0439\u0442\u0435\u0441\u044c \u043a \u0442\u044b\u0441\u044f\u0447\u0430\u043c \u0434\u043e\u0432\u043e\u043b\u044c\u043d\u044b\u0445 \u043a\u043b\u0438\u0435\u043d\u0442\u043e\u0432!\",\"breadcrumb\":{\"@id\":\"https:\\\/\\\/virtphone.net\\\/signal\\\/#breadcrumb\"},\"inLanguage\":\"pt-BR\",\"potentialAction\":[{\"@type\":\"ReadAction\",\"target\":[\"https:\\\/\\\/virtphone.net\\\/signal\\\/\"]}]},{\"@type\":\"BreadcrumbList\",\"@id\":\"https:\\\/\\\/virtphone.net\\\/signal\\\/#breadcrumb\",\"itemListElement\":[{\"@type\":\"ListItem\",\"position\":1,\"name\":\"\u0413\u043b\u0430\u0432\u043d\u0430\u044f \u0441\u0442\u0440\u0430\u043d\u0438\u0446\u0430\",\"item\":\"https:\\\/\\\/virtphone.net\\\/\"},{\"@type\":\"ListItem\",\"position\":2,\"name\":\"\u0412\u0438\u0440\u0442\u0443\u0430\u043b\u044c\u043d\u044b\u0435 \u043d\u043e\u043c\u0435\u0440\u0430 \u0434\u043b\u044f Signal\"}]},{\"@type\":\"WebSite\",\"@id\":\"https:\\\/\\\/virtphone.net\\\/#website\",\"url\":\"https:\\\/\\\/virtphone.net\\\/\",\"name\":\"\u041e\u0434\u043d\u043e\u0440\u0430\u0437\u043e\u0432\u044b\u0435 SMS \u043d\u043e\u043c\u0435\u0440\u0430 \u0434\u043b\u044f \u0440\u0435\u0433\u0438\u0441\u0442\u0440\u0430\u0446\u0438\u0438\",\"description\":\"\",\"potentialAction\":[{\"@type\":\"SearchAction\",\"target\":{\"@type\":\"EntryPoint\",\"urlTemplate\":\"https:\\\/\\\/virtphone.net\\\/?s={search_term_string}\"},\"query-input\":{\"@type\":\"PropertyValueSpecification\",\"valueRequired\":true,\"valueName\":\"search_term_string\"}}],\"inLanguage\":\"pt-BR\"}]}<\/script>\n<!-- \/ Yoast SEO plugin. -->","yoast_head_json":{"title":"Compre um n\u00famero virtual para Signal | R\u00e1pido e confi\u00e1vel","description":"Obtenha seu n\u00famero virtual do Signal com apenas alguns cliques. R\u00e1pido, seguro e an\u00f4nimo. Suporte responsivo. Junte-se a milhares de clientes satisfeitos!","robots":{"index":"index","follow":"follow","max-snippet":"max-snippet:-1","max-image-preview":"max-image-preview:large","max-video-preview":"max-video-preview:-1"},"canonical":"https:\/\/virtphone.net\/pt\/signal\/","og_locale":"pt_BR","og_type":"article","og_title":"\u041a\u0443\u043f\u0438\u0442\u044c \u0412\u0438\u0440\u0442\u0443\u0430\u043b\u044c\u043d\u044b\u0439 \u041d\u043e\u043c\u0435\u0440 \u0434\u043b\u044f Signal | \u0411\u044b\u0441\u0442\u0440\u043e \u0438 \u041d\u0430\u0434\u0435\u0436\u043d\u043e","og_description":"\u041f\u043e\u043b\u0443\u0447\u0438\u0442\u0435 \u0441\u0432\u043e\u0439 \u0432\u0438\u0440\u0442\u0443\u0430\u043b\u044c\u043d\u044b\u0439 \u043d\u043e\u043c\u0435\u0440 \u0434\u043b\u044f Signal \u0432\u0441\u0435\u0433\u043e \u0437\u0430 \u043d\u0435\u0441\u043a\u043e\u043b\u044c\u043a\u043e \u043a\u043b\u0438\u043a\u043e\u0432. \u0411\u044b\u0441\u0442\u0440\u043e, \u043d\u0430\u0434\u0435\u0436\u043d\u043e \u0438 \u0430\u043d\u043e\u043d\u0438\u043c\u043d\u043e. \u041e\u0442\u0437\u044b\u0432\u0447\u0438\u0432\u0430\u044f \u043f\u043e\u0434\u0434\u0435\u0440\u0436\u043a\u0430. \u041f\u0440\u0438\u0441\u043e\u0435\u0434\u0438\u043d\u044f\u0439\u0442\u0435\u0441\u044c \u043a \u0442\u044b\u0441\u044f\u0447\u0430\u043c \u0434\u043e\u0432\u043e\u043b\u044c\u043d\u044b\u0445 \u043a\u043b\u0438\u0435\u043d\u0442\u043e\u0432!","og_url":"https:\/\/virtphone.net\/pt\/signal\/","og_site_name":"\u041e\u0434\u043d\u043e\u0440\u0430\u0437\u043e\u0432\u044b\u0435 SMS \u043d\u043e\u043c\u0435\u0440\u0430 \u0434\u043b\u044f \u0440\u0435\u0433\u0438\u0441\u0442\u0440\u0430\u0446\u0438\u0438","article_modified_time":"2023-09-07T21:40:34+00:00","twitter_card":"summary_large_image","twitter_misc":{"Est. tempo de leitura":"2 minutos"},"schema":{"@context":"https:\/\/schema.org","@graph":[{"@type":"WebPage","@id":"https:\/\/virtphone.net\/signal\/","url":"https:\/\/virtphone.net\/signal\/","name":"Compre um n\u00famero virtual para Signal | R\u00e1pido e confi\u00e1vel","isPartOf":{"@id":"https:\/\/virtphone.net\/#website"},"datePublished":"2023-09-07T21:38:40+00:00","dateModified":"2023-09-07T21:40:34+00:00","description":"Obtenha seu n\u00famero virtual do Signal com apenas alguns cliques. R\u00e1pido, seguro e an\u00f4nimo. Suporte responsivo. Junte-se a milhares de clientes satisfeitos!","breadcrumb":{"@id":"https:\/\/virtphone.net\/signal\/#breadcrumb"},"inLanguage":"pt-BR","potentialAction":[{"@type":"ReadAction","target":["https:\/\/virtphone.net\/signal\/"]}]},{"@type":"BreadcrumbList","@id":"https:\/\/virtphone.net\/signal\/#breadcrumb","itemListElement":[{"@type":"ListItem","position":1,"name":"\u0413\u043b\u0430\u0432\u043d\u0430\u044f \u0441\u0442\u0440\u0430\u043d\u0438\u0446\u0430","item":"https:\/\/virtphone.net\/"},{"@type":"ListItem","position":2,"name":"\u0412\u0438\u0440\u0442\u0443\u0430\u043b\u044c\u043d\u044b\u0435 \u043d\u043e\u043c\u0435\u0440\u0430 \u0434\u043b\u044f Signal"}]},{"@type":"WebSite","@id":"https:\/\/virtphone.net\/#website","url":"https:\/\/virtphone.net\/","name":"N\u00fameros SMS descart\u00e1veis para registro","description":"","potentialAction":[{"@type":"SearchAction","target":{"@type":"EntryPoint","urlTemplate":"https:\/\/virtphone.net\/?s={search_term_string}"},"query-input":{"@type":"PropertyValueSpecification","valueRequired":true,"valueName":"search_term_string"}}],"inLanguage":"pt-BR"}]}},"_links":{"self":[{"href":"https:\/\/virtphone.net\/pt\/wp-json\/wp\/v2\/pages\/105","targetHints":{"allow":["GET"]}}],"collection":[{"href":"https:\/\/virtphone.net\/pt\/wp-json\/wp\/v2\/pages"}],"about":[{"href":"https:\/\/virtphone.net\/pt\/wp-json\/wp\/v2\/types\/page"}],"author":[{"embeddable":true,"href":"https:\/\/virtphone.net\/pt\/wp-json\/wp\/v2\/users\/1"}],"replies":[{"embeddable":true,"href":"https:\/\/virtphone.net\/pt\/wp-json\/wp\/v2\/comments?post=105"}],"version-history":[{"count":2,"href":"https:\/\/virtphone.net\/pt\/wp-json\/wp\/v2\/pages\/105\/revisions"}],"predecessor-version":[{"id":108,"href":"https:\/\/virtphone.net\/pt\/wp-json\/wp\/v2\/pages\/105\/revisions\/108"}],"wp:attachment":[{"href":"https:\/\/virtphone.net\/pt\/wp-json\/wp\/v2\/media?parent=105"}],"curies":[{"name":"wp","href":"https:\/\/api.w.org\/{rel}","templated":true}]}}