{"id":52,"date":"2023-07-20T00:12:51","date_gmt":"2023-07-19T21:12:51","guid":{"rendered":"https:\/\/virtphone.net\/?page_id=52"},"modified":"2023-07-20T00:12:52","modified_gmt":"2023-07-19T21:12:52","slug":"countries","status":"publish","type":"page","link":"https:\/\/virtphone.net\/pt\/countries\/","title":{"rendered":"N\u00fameros descart\u00e1veis para diferentes pa\u00edses"},"content":{"rendered":"<p>\ud83c\udf0d Compre n\u00fameros de telefone descart\u00e1veis para qualquer pa\u00eds! \ud83d\udcde<\/p>\n\n\n\n<p>\ud83d\udd10 Garanta sua privacidade e seguran\u00e7a com nossos n\u00fameros descart\u00e1veis, dispon\u00edveis em v\u00e1rios pa\u00edses. \ud83c\udf10<\/p>\n\n\n\n<ul class=\"wp-block-list\">\n<li>Austr\u00e1lia<\/li>\n\n\n\n<li>\u00c1ustria<\/li>\n\n\n\n<li>Bielorr\u00fassia<\/li>\n\n\n\n<li>Brasil<\/li>\n\n\n\n<li>Camboja<\/li>\n\n\n\n<li>Canad\u00e1<\/li>\n\n\n\n<li>China<\/li>\n\n\n\n<li>Chipre<\/li>\n\n\n\n<li>Tcheco<\/li>\n\n\n\n<li>Est\u00f4nia<\/li>\n\n\n\n<li>Fran\u00e7a<\/li>\n\n\n\n<li>Alemanha<\/li>\n\n\n\n<li>\u00cdndia<\/li>\n\n\n\n<li>Indon\u00e9sia<\/li>\n\n\n\n<li>Israel<\/li>\n\n\n\n<li>Cazaquist\u00e3o<\/li>\n\n\n\n<li>Let\u00f4nia<\/li>\n\n\n\n<li>Litu\u00e2nia<\/li>\n\n\n\n<li>Macau<\/li>\n\n\n\n<li>Mianmar<\/li>\n\n\n\n<li>Holanda<\/li>\n\n\n\n<li>Nig\u00e9ria<\/li>\n\n\n\n<li>Filipinas<\/li>\n\n\n\n<li>Pol\u00f4nia<\/li>\n\n\n\n<li>Rom\u00eania<\/li>\n\n\n\n<li>Federa\u00e7\u00e3o Russa<\/li>\n\n\n\n<li>Serra Leoa<\/li>\n\n\n\n<li>Espanha<\/li>\n\n\n\n<li>Su\u00e9cia<\/li>\n\n\n\n<li>Turquia<\/li>\n\n\n\n<li>Ucr\u00e2nia<\/li>\n\n\n\n<li>Gr\u00e3 Bretanha<\/li>\n\n\n\n<li>Estados Unidos<\/li>\n<\/ul>\n\n\n\n<p>\ud83d\udcbc Seja cadastrando-se nas redes sociais, verificando contas ou recebendo c\u00f3digos de verifica\u00e7\u00e3o tempor\u00e1rios, nossos n\u00fameros ir\u00e3o ajud\u00e1-lo em todas as tarefas do seu neg\u00f3cio.<\/p>\n\n\n\n<p>\ud83c\udf1f Benef\u00edcios de utilizar nossos servi\u00e7os:<\/p>\n\n\n\n<ul class=\"wp-block-list\">\n<li>\ud83c\udf10 Ampla sele\u00e7\u00e3o de pa\u00edses<\/li>\n\n\n\n<li>\ud83d\udcf1 Ativa\u00e7\u00e3o r\u00e1pida de n\u00fameros<\/li>\n\n\n\n<li>\ud83d\udd12 Privacidade e anonimato<\/li>\n\n\n\n<li>\u23f0 Validade limitada dos n\u00fameros<\/li>\n\n\n\n<li>\ud83d\udca1 Interface f\u00e1cil de usar e intuitiva<\/li>\n<\/ul>\n\n\n\n<p>\ud83d\udcb8 Nossos quartos est\u00e3o dispon\u00edveis a pre\u00e7os acess\u00edveis! Proteja seus dados e mantenha sua privacidade com nossos n\u00fameros de telefone descart\u00e1veis. \ud83d\udc4d<\/p>\n\n\n\n<p>\ud83d\udd12 Encomende agora e tenha acesso a n\u00fameros descart\u00e1veis seguros e convenientes para diferentes pa\u00edses! \ud83c\udf10\ud83d\udcde<\/p>","protected":false},"excerpt":{"rendered":"<p>\ud83c\udf0d \u041a\u0443\u043f\u0438\u0442\u0435 \u043e\u0434\u043d\u043e\u0440\u0430\u0437\u043e\u0432\u044b\u0435 \u0442\u0435\u043b\u0435\u0444\u043e\u043d\u043d\u044b\u0435 \u043d\u043e\u043c\u0435\u0440\u0430 \u0434\u043b\u044f \u043b\u044e\u0431\u044b\u0445 \u0441\u0442\u0440\u0430\u043d! \ud83d\udcde \ud83d\udd10 \u041e\u0431\u0435\u0441\u043f\u0435\u0447\u044c\u0442\u0435 \u043a\u043e\u043d\u0444\u0438\u0434\u0435\u043d\u0446\u0438\u0430\u043b\u044c\u043d\u043e\u0441\u0442\u044c \u0438 \u0431\u0435\u0437\u043e\u043f\u0430\u0441\u043d\u043e\u0441\u0442\u044c \u0441 \u043f\u043e\u043c\u043e\u0449\u044c\u044e \u043d\u0430\u0448\u0438\u0445 \u043e\u0434\u043d\u043e\u0440\u0430\u0437\u043e\u0432\u044b\u0445 \u043d\u043e\u043c\u0435\u0440\u043e\u0432, \u0434\u043e\u0441\u0442\u0443\u043f\u043d\u044b\u0445 \u0434\u043b\u044f \u043c\u043d\u043e\u0436\u0435\u0441\u0442\u0432\u0430 \u0441\u0442\u0440\u0430\u043d. \ud83c\udf10 \ud83d\udcbc \u0411\u0443\u0434\u044c \u0442\u043e \u0440\u0435\u0433\u0438\u0441\u0442\u0440\u0430\u0446\u0438\u044f \u0432 \u0441\u043e\u0446\u0438\u0430\u043b\u044c\u043d\u044b\u0445 \u0441\u0435\u0442\u044f\u0445, \u043f\u0440\u043e\u0432\u0435\u0440\u043a\u0430 \u0430\u043a\u043a\u0430\u0443\u043d\u0442\u043e\u0432 \u0438\u043b\u0438 \u043f\u043e\u043b\u0443\u0447\u0435\u043d\u0438\u0435 \u0432\u0440\u0435\u043c\u0435\u043d\u043d\u044b\u0445 \u043a\u043e\u0434\u043e\u0432 \u043f\u043e\u0434\u0442\u0432\u0435\u0440\u0436\u0434\u0435\u043d\u0438\u044f &#8212; \u043d\u0430\u0448\u0438 \u043d\u043e\u043c\u0435\u0440\u0430 \u043f\u043e\u043c\u043e\u0433\u0443\u0442 \u0432\u0430\u043c \u0432\u043e \u0432\u0441\u0435\u0445 \u0432\u0430\u0448\u0438\u0445 \u0434\u0435\u043b\u043e\u0432\u044b\u0445 \u0437\u0430\u0434\u0430\u0447\u0430\u0445. \ud83c\udf1f \u041f\u0440\u0435\u0438\u043c\u0443\u0449\u0435\u0441\u0442\u0432\u0430 \u0438\u0441\u043f\u043e\u043b\u044c\u0437\u043e\u0432\u0430\u043d\u0438\u044f \u043d\u0430\u0448\u0438\u0445 \u0443\u0441\u043b\u0443\u0433: \ud83d\udcb8 \u041d\u0430\u0448\u0438 [&hellip;]<\/p>\n","protected":false},"author":1,"featured_media":0,"parent":0,"menu_order":0,"comment_status":"closed","ping_status":"closed","template":"","meta":{"_kadence_starter_templates_imported_post":false,"footnotes":""},"class_list":["post-52","page","type-page","status-publish","hentry"],"acf":[],"yoast_head":"<!-- This site is optimized with the Yoast SEO plugin v27.4 - https:\/\/yoast.com\/product\/yoast-seo-wordpress\/ -->\n<title>\u041e\u0434\u043d\u043e\u0440\u0430\u0437\u043e\u0432\u044b\u0435 \u0442\u0435\u043b\u0435\u0444\u043e\u043d\u043d\u044b\u0435 \u043d\u043e\u043c\u0435\u0440\u0430 \u0434\u043b\u044f \u0440\u0430\u0437\u043d\u044b\u0445 \u0441\u0442\u0440\u0430\u043d<\/title>\n<meta name=\"description\" content=\"\u041f\u043e\u043a\u0443\u043f\u0430\u0439\u0442\u0435 \u043e\u0434\u043d\u043e\u0440\u0430\u0437\u043e\u0432\u044b\u0435 \u0442\u0435\u043b\u0435\u0444\u043e\u043d\u043d\u044b\u0435 \u043d\u043e\u043c\u0435\u0440\u0430 \u0434\u043b\u044f \u0440\u0430\u0437\u043d\u044b\u0445 \u0441\u0442\u0440\u0430\u043d \u0441 \u043c\u0430\u043a\u0441\u0438\u043c\u0430\u043b\u044c\u043d\u043e\u0439 \u043a\u043e\u043d\u0444\u0438\u0434\u0435\u043d\u0446\u0438\u0430\u043b\u044c\u043d\u043e\u0441\u0442\u044c\u044e! \ud83c\udf0d \u0417\u0430\u0449\u0438\u0442\u0438\u0442\u0435 \u0441\u0432\u043e\u0438 \u0434\u0430\u043d\u043d\u044b\u0435 \u0438 \u043e\u0431\u0435\u0441\u043f\u0435\u0447\u044c\u0442\u0435 \u0431\u0435\u0437\u043e\u043f\u0430\u0441\u043d\u043e\u0441\u0442\u044c \u0441\u0432\u043e\u0438\u0445 \u0430\u043a\u043a\u0430\u0443\u043d\u0442\u043e\u0432. \ud83d\udd12 \u041f\u043e\u043b\u0443\u0447\u0438\u0442\u0435 \u0434\u043e\u0441\u0442\u0443\u043f \u043a \u0448\u0438\u0440\u043e\u043a\u043e\u043c\u0443 \u0432\u044b\u0431\u043e\u0440\u0443 \u043d\u043e\u043c\u0435\u0440\u043e\u0432 \u0438 \u043c\u0433\u043d\u043e\u0432\u0435\u043d\u043d\u043e\u0439 \u0430\u043a\u0442\u0438\u0432\u0430\u0446\u0438\u0438. \u0423\u0434\u043e\u0431\u043d\u043e \u0438 \u043d\u0430\u0434\u0435\u0436\u043d\u043e! \ud83d\udcbc\" \/>\n<meta name=\"robots\" content=\"index, follow, max-snippet:-1, max-image-preview:large, max-video-preview:-1\" \/>\n<link rel=\"canonical\" href=\"https:\/\/virtphone.net\/pt\/countries\/\" \/>\n<meta property=\"og:locale\" content=\"pt_BR\" \/>\n<meta property=\"og:type\" content=\"article\" \/>\n<meta property=\"og:title\" content=\"\u041e\u0434\u043d\u043e\u0440\u0430\u0437\u043e\u0432\u044b\u0435 \u0442\u0435\u043b\u0435\u0444\u043e\u043d\u043d\u044b\u0435 \u043d\u043e\u043c\u0435\u0440\u0430 \u0434\u043b\u044f \u0440\u0430\u0437\u043d\u044b\u0445 \u0441\u0442\u0440\u0430\u043d\" \/>\n<meta property=\"og:description\" content=\"\u041f\u043e\u043a\u0443\u043f\u0430\u0439\u0442\u0435 \u043e\u0434\u043d\u043e\u0440\u0430\u0437\u043e\u0432\u044b\u0435 \u0442\u0435\u043b\u0435\u0444\u043e\u043d\u043d\u044b\u0435 \u043d\u043e\u043c\u0435\u0440\u0430 \u0434\u043b\u044f \u0440\u0430\u0437\u043d\u044b\u0445 \u0441\u0442\u0440\u0430\u043d \u0441 \u043c\u0430\u043a\u0441\u0438\u043c\u0430\u043b\u044c\u043d\u043e\u0439 \u043a\u043e\u043d\u0444\u0438\u0434\u0435\u043d\u0446\u0438\u0430\u043b\u044c\u043d\u043e\u0441\u0442\u044c\u044e! \ud83c\udf0d \u0417\u0430\u0449\u0438\u0442\u0438\u0442\u0435 \u0441\u0432\u043e\u0438 \u0434\u0430\u043d\u043d\u044b\u0435 \u0438 \u043e\u0431\u0435\u0441\u043f\u0435\u0447\u044c\u0442\u0435 \u0431\u0435\u0437\u043e\u043f\u0430\u0441\u043d\u043e\u0441\u0442\u044c \u0441\u0432\u043e\u0438\u0445 \u0430\u043a\u043a\u0430\u0443\u043d\u0442\u043e\u0432. \ud83d\udd12 \u041f\u043e\u043b\u0443\u0447\u0438\u0442\u0435 \u0434\u043e\u0441\u0442\u0443\u043f \u043a \u0448\u0438\u0440\u043e\u043a\u043e\u043c\u0443 \u0432\u044b\u0431\u043e\u0440\u0443 \u043d\u043e\u043c\u0435\u0440\u043e\u0432 \u0438 \u043c\u0433\u043d\u043e\u0432\u0435\u043d\u043d\u043e\u0439 \u0430\u043a\u0442\u0438\u0432\u0430\u0446\u0438\u0438. \u0423\u0434\u043e\u0431\u043d\u043e \u0438 \u043d\u0430\u0434\u0435\u0436\u043d\u043e! \ud83d\udcbc\" \/>\n<meta property=\"og:url\" content=\"https:\/\/virtphone.net\/pt\/countries\/\" \/>\n<meta property=\"og:site_name\" content=\"\u041e\u0434\u043d\u043e\u0440\u0430\u0437\u043e\u0432\u044b\u0435 SMS \u043d\u043e\u043c\u0435\u0440\u0430 \u0434\u043b\u044f \u0440\u0435\u0433\u0438\u0441\u0442\u0440\u0430\u0446\u0438\u0438\" \/>\n<meta property=\"article:modified_time\" content=\"2023-07-19T21:12:52+00:00\" \/>\n<meta name=\"twitter:card\" content=\"summary_large_image\" \/>\n<meta name=\"twitter:label1\" content=\"Est. tempo de leitura\" \/>\n\t<meta name=\"twitter:data1\" content=\"1 minuto\" \/>\n<script type=\"application\/ld+json\" class=\"yoast-schema-graph\">{\"@context\":\"https:\\\/\\\/schema.org\",\"@graph\":[{\"@type\":\"WebPage\",\"@id\":\"https:\\\/\\\/virtphone.net\\\/countries\\\/\",\"url\":\"https:\\\/\\\/virtphone.net\\\/countries\\\/\",\"name\":\"\u041e\u0434\u043d\u043e\u0440\u0430\u0437\u043e\u0432\u044b\u0435 \u0442\u0435\u043b\u0435\u0444\u043e\u043d\u043d\u044b\u0435 \u043d\u043e\u043c\u0435\u0440\u0430 \u0434\u043b\u044f \u0440\u0430\u0437\u043d\u044b\u0445 \u0441\u0442\u0440\u0430\u043d\",\"isPartOf\":{\"@id\":\"https:\\\/\\\/virtphone.net\\\/#website\"},\"datePublished\":\"2023-07-19T21:12:51+00:00\",\"dateModified\":\"2023-07-19T21:12:52+00:00\",\"description\":\"\u041f\u043e\u043a\u0443\u043f\u0430\u0439\u0442\u0435 \u043e\u0434\u043d\u043e\u0440\u0430\u0437\u043e\u0432\u044b\u0435 \u0442\u0435\u043b\u0435\u0444\u043e\u043d\u043d\u044b\u0435 \u043d\u043e\u043c\u0435\u0440\u0430 \u0434\u043b\u044f \u0440\u0430\u0437\u043d\u044b\u0445 \u0441\u0442\u0440\u0430\u043d \u0441 \u043c\u0430\u043a\u0441\u0438\u043c\u0430\u043b\u044c\u043d\u043e\u0439 \u043a\u043e\u043d\u0444\u0438\u0434\u0435\u043d\u0446\u0438\u0430\u043b\u044c\u043d\u043e\u0441\u0442\u044c\u044e! \ud83c\udf0d \u0417\u0430\u0449\u0438\u0442\u0438\u0442\u0435 \u0441\u0432\u043e\u0438 \u0434\u0430\u043d\u043d\u044b\u0435 \u0438 \u043e\u0431\u0435\u0441\u043f\u0435\u0447\u044c\u0442\u0435 \u0431\u0435\u0437\u043e\u043f\u0430\u0441\u043d\u043e\u0441\u0442\u044c \u0441\u0432\u043e\u0438\u0445 \u0430\u043a\u043a\u0430\u0443\u043d\u0442\u043e\u0432. \ud83d\udd12 \u041f\u043e\u043b\u0443\u0447\u0438\u0442\u0435 \u0434\u043e\u0441\u0442\u0443\u043f \u043a \u0448\u0438\u0440\u043e\u043a\u043e\u043c\u0443 \u0432\u044b\u0431\u043e\u0440\u0443 \u043d\u043e\u043c\u0435\u0440\u043e\u0432 \u0438 \u043c\u0433\u043d\u043e\u0432\u0435\u043d\u043d\u043e\u0439 \u0430\u043a\u0442\u0438\u0432\u0430\u0446\u0438\u0438. \u0423\u0434\u043e\u0431\u043d\u043e \u0438 \u043d\u0430\u0434\u0435\u0436\u043d\u043e! \ud83d\udcbc\",\"breadcrumb\":{\"@id\":\"https:\\\/\\\/virtphone.net\\\/countries\\\/#breadcrumb\"},\"inLanguage\":\"pt-BR\",\"potentialAction\":[{\"@type\":\"ReadAction\",\"target\":[\"https:\\\/\\\/virtphone.net\\\/countries\\\/\"]}]},{\"@type\":\"BreadcrumbList\",\"@id\":\"https:\\\/\\\/virtphone.net\\\/countries\\\/#breadcrumb\",\"itemListElement\":[{\"@type\":\"ListItem\",\"position\":1,\"name\":\"\u0413\u043b\u0430\u0432\u043d\u0430\u044f \u0441\u0442\u0440\u0430\u043d\u0438\u0446\u0430\",\"item\":\"https:\\\/\\\/virtphone.net\\\/\"},{\"@type\":\"ListItem\",\"position\":2,\"name\":\"\u041e\u0434\u043d\u043e\u0440\u0430\u0437\u043e\u0432\u044b\u0435 \u043d\u043e\u043c\u0435\u0440\u0430 \u0434\u043b\u044f \u0440\u0430\u0437\u043d\u044b\u0445 \u0441\u0442\u0440\u0430\u043d\"}]},{\"@type\":\"WebSite\",\"@id\":\"https:\\\/\\\/virtphone.net\\\/#website\",\"url\":\"https:\\\/\\\/virtphone.net\\\/\",\"name\":\"\u041e\u0434\u043d\u043e\u0440\u0430\u0437\u043e\u0432\u044b\u0435 SMS \u043d\u043e\u043c\u0435\u0440\u0430 \u0434\u043b\u044f \u0440\u0435\u0433\u0438\u0441\u0442\u0440\u0430\u0446\u0438\u0438\",\"description\":\"\",\"potentialAction\":[{\"@type\":\"SearchAction\",\"target\":{\"@type\":\"EntryPoint\",\"urlTemplate\":\"https:\\\/\\\/virtphone.net\\\/?s={search_term_string}\"},\"query-input\":{\"@type\":\"PropertyValueSpecification\",\"valueRequired\":true,\"valueName\":\"search_term_string\"}}],\"inLanguage\":\"pt-BR\"}]}<\/script>\n<!-- \/ Yoast SEO plugin. -->","yoast_head_json":{"title":"N\u00fameros de telefone descart\u00e1veis para diferentes pa\u00edses","description":"Compre n\u00fameros de telefone descart\u00e1veis para diferentes pa\u00edses com o m\u00e1ximo de privacidade! \ud83c\udf0d Proteja seus dados e mantenha suas contas seguras. \ud83d\udd12 Tenha acesso a uma ampla sele\u00e7\u00e3o de n\u00fameros e ativa\u00e7\u00e3o instant\u00e2nea. Conveniente e confi\u00e1vel! \ud83d\udcbc","robots":{"index":"index","follow":"follow","max-snippet":"max-snippet:-1","max-image-preview":"max-image-preview:large","max-video-preview":"max-video-preview:-1"},"canonical":"https:\/\/virtphone.net\/pt\/countries\/","og_locale":"pt_BR","og_type":"article","og_title":"\u041e\u0434\u043d\u043e\u0440\u0430\u0437\u043e\u0432\u044b\u0435 \u0442\u0435\u043b\u0435\u0444\u043e\u043d\u043d\u044b\u0435 \u043d\u043e\u043c\u0435\u0440\u0430 \u0434\u043b\u044f \u0440\u0430\u0437\u043d\u044b\u0445 \u0441\u0442\u0440\u0430\u043d","og_description":"\u041f\u043e\u043a\u0443\u043f\u0430\u0439\u0442\u0435 \u043e\u0434\u043d\u043e\u0440\u0430\u0437\u043e\u0432\u044b\u0435 \u0442\u0435\u043b\u0435\u0444\u043e\u043d\u043d\u044b\u0435 \u043d\u043e\u043c\u0435\u0440\u0430 \u0434\u043b\u044f \u0440\u0430\u0437\u043d\u044b\u0445 \u0441\u0442\u0440\u0430\u043d \u0441 \u043c\u0430\u043a\u0441\u0438\u043c\u0430\u043b\u044c\u043d\u043e\u0439 \u043a\u043e\u043d\u0444\u0438\u0434\u0435\u043d\u0446\u0438\u0430\u043b\u044c\u043d\u043e\u0441\u0442\u044c\u044e! \ud83c\udf0d \u0417\u0430\u0449\u0438\u0442\u0438\u0442\u0435 \u0441\u0432\u043e\u0438 \u0434\u0430\u043d\u043d\u044b\u0435 \u0438 \u043e\u0431\u0435\u0441\u043f\u0435\u0447\u044c\u0442\u0435 \u0431\u0435\u0437\u043e\u043f\u0430\u0441\u043d\u043e\u0441\u0442\u044c \u0441\u0432\u043e\u0438\u0445 \u0430\u043a\u043a\u0430\u0443\u043d\u0442\u043e\u0432. \ud83d\udd12 \u041f\u043e\u043b\u0443\u0447\u0438\u0442\u0435 \u0434\u043e\u0441\u0442\u0443\u043f \u043a \u0448\u0438\u0440\u043e\u043a\u043e\u043c\u0443 \u0432\u044b\u0431\u043e\u0440\u0443 \u043d\u043e\u043c\u0435\u0440\u043e\u0432 \u0438 \u043c\u0433\u043d\u043e\u0432\u0435\u043d\u043d\u043e\u0439 \u0430\u043a\u0442\u0438\u0432\u0430\u0446\u0438\u0438. \u0423\u0434\u043e\u0431\u043d\u043e \u0438 \u043d\u0430\u0434\u0435\u0436\u043d\u043e! \ud83d\udcbc","og_url":"https:\/\/virtphone.net\/pt\/countries\/","og_site_name":"\u041e\u0434\u043d\u043e\u0440\u0430\u0437\u043e\u0432\u044b\u0435 SMS \u043d\u043e\u043c\u0435\u0440\u0430 \u0434\u043b\u044f \u0440\u0435\u0433\u0438\u0441\u0442\u0440\u0430\u0446\u0438\u0438","article_modified_time":"2023-07-19T21:12:52+00:00","twitter_card":"summary_large_image","twitter_misc":{"Est. tempo de leitura":"1 minuto"},"schema":{"@context":"https:\/\/schema.org","@graph":[{"@type":"WebPage","@id":"https:\/\/virtphone.net\/countries\/","url":"https:\/\/virtphone.net\/countries\/","name":"N\u00fameros de telefone descart\u00e1veis para diferentes pa\u00edses","isPartOf":{"@id":"https:\/\/virtphone.net\/#website"},"datePublished":"2023-07-19T21:12:51+00:00","dateModified":"2023-07-19T21:12:52+00:00","description":"Compre n\u00fameros de telefone descart\u00e1veis para diferentes pa\u00edses com o m\u00e1ximo de privacidade! \ud83c\udf0d Proteja seus dados e mantenha suas contas seguras. \ud83d\udd12 Tenha acesso a uma ampla sele\u00e7\u00e3o de n\u00fameros e ativa\u00e7\u00e3o instant\u00e2nea. Conveniente e confi\u00e1vel! \ud83d\udcbc","breadcrumb":{"@id":"https:\/\/virtphone.net\/countries\/#breadcrumb"},"inLanguage":"pt-BR","potentialAction":[{"@type":"ReadAction","target":["https:\/\/virtphone.net\/countries\/"]}]},{"@type":"BreadcrumbList","@id":"https:\/\/virtphone.net\/countries\/#breadcrumb","itemListElement":[{"@type":"ListItem","position":1,"name":"\u0413\u043b\u0430\u0432\u043d\u0430\u044f \u0441\u0442\u0440\u0430\u043d\u0438\u0446\u0430","item":"https:\/\/virtphone.net\/"},{"@type":"ListItem","position":2,"name":"\u041e\u0434\u043d\u043e\u0440\u0430\u0437\u043e\u0432\u044b\u0435 \u043d\u043e\u043c\u0435\u0440\u0430 \u0434\u043b\u044f \u0440\u0430\u0437\u043d\u044b\u0445 \u0441\u0442\u0440\u0430\u043d"}]},{"@type":"WebSite","@id":"https:\/\/virtphone.net\/#website","url":"https:\/\/virtphone.net\/","name":"N\u00fameros SMS descart\u00e1veis para registro","description":"","potentialAction":[{"@type":"SearchAction","target":{"@type":"EntryPoint","urlTemplate":"https:\/\/virtphone.net\/?s={search_term_string}"},"query-input":{"@type":"PropertyValueSpecification","valueRequired":true,"valueName":"search_term_string"}}],"inLanguage":"pt-BR"}]}},"_links":{"self":[{"href":"https:\/\/virtphone.net\/pt\/wp-json\/wp\/v2\/pages\/52","targetHints":{"allow":["GET"]}}],"collection":[{"href":"https:\/\/virtphone.net\/pt\/wp-json\/wp\/v2\/pages"}],"about":[{"href":"https:\/\/virtphone.net\/pt\/wp-json\/wp\/v2\/types\/page"}],"author":[{"embeddable":true,"href":"https:\/\/virtphone.net\/pt\/wp-json\/wp\/v2\/users\/1"}],"replies":[{"embeddable":true,"href":"https:\/\/virtphone.net\/pt\/wp-json\/wp\/v2\/comments?post=52"}],"version-history":[{"count":1,"href":"https:\/\/virtphone.net\/pt\/wp-json\/wp\/v2\/pages\/52\/revisions"}],"predecessor-version":[{"id":53,"href":"https:\/\/virtphone.net\/pt\/wp-json\/wp\/v2\/pages\/52\/revisions\/53"}],"wp:attachment":[{"href":"https:\/\/virtphone.net\/pt\/wp-json\/wp\/v2\/media?parent=52"}],"curies":[{"name":"wp","href":"https:\/\/api.w.org\/{rel}","templated":true}]}}