{"id":52,"date":"2023-07-20T00:12:51","date_gmt":"2023-07-19T21:12:51","guid":{"rendered":"https:\/\/virtphone.net\/?page_id=52"},"modified":"2023-07-20T00:12:52","modified_gmt":"2023-07-19T21:12:52","slug":"countries","status":"publish","type":"page","link":"https:\/\/virtphone.net\/tr\/countries\/","title":{"rendered":"Farkl\u0131 \u00fclkeler i\u00e7in tek kullan\u0131ml\u0131k numaralar"},"content":{"rendered":"<p>\ud83c\udf0d Herhangi bir \u00fclke i\u00e7in tek kullan\u0131ml\u0131k telefon numaralar\u0131 sat\u0131n al\u0131n! \ud83d\udcde<\/p>\n\n\n\n<p>\ud83d\udd10 Bir\u00e7ok \u00fclkede mevcut olan tek kullan\u0131ml\u0131k numaralar\u0131m\u0131zla gizlili\u011finizi ve g\u00fcvenli\u011finizi sa\u011flay\u0131n. \ud83c\udf10<\/p>\n\n\n\n<ul class=\"wp-block-list\">\n<li>Avustralya<\/li>\n\n\n\n<li>Avusturya<\/li>\n\n\n\n<li>Belarus<\/li>\n\n\n\n<li>Brezilya<\/li>\n\n\n\n<li>Kambo\u00e7ya<\/li>\n\n\n\n<li>Kanada<\/li>\n\n\n\n<li>\u00c7in<\/li>\n\n\n\n<li>K\u0131br\u0131s<\/li>\n\n\n\n<li>\u00c7ek<\/li>\n\n\n\n<li>Estonya<\/li>\n\n\n\n<li>Fransa<\/li>\n\n\n\n<li>Almanya<\/li>\n\n\n\n<li>Hindistan<\/li>\n\n\n\n<li>Endonezya<\/li>\n\n\n\n<li>\u0130srail<\/li>\n\n\n\n<li>Kazakistan<\/li>\n\n\n\n<li>Letonya<\/li>\n\n\n\n<li>Litvanya<\/li>\n\n\n\n<li>Makao<\/li>\n\n\n\n<li>Myanmar<\/li>\n\n\n\n<li>Hollanda<\/li>\n\n\n\n<li>Nijerya<\/li>\n\n\n\n<li>Filipinler<\/li>\n\n\n\n<li>Polonya<\/li>\n\n\n\n<li>Romanya<\/li>\n\n\n\n<li>Rusya Federasyonu<\/li>\n\n\n\n<li>Sierra Leone<\/li>\n\n\n\n<li>ispanya<\/li>\n\n\n\n<li>\u0130sve\u00e7<\/li>\n\n\n\n<li>T\u00fcrkiye<\/li>\n\n\n\n<li>Ukrayna<\/li>\n\n\n\n<li>B\u00fcy\u00fck Britanya<\/li>\n\n\n\n<li>Amerika Birle\u015fik Devletleri<\/li>\n<\/ul>\n\n\n\n<p>\ud83d\udcbc Sosyal a\u011flara kaydolmak, hesaplar\u0131 kontrol etmek veya ge\u00e7ici do\u011frulama kodlar\u0131 almak olsun, numaralar\u0131m\u0131z t\u00fcm ticari g\u00f6revlerinizde size yard\u0131mc\u0131 olacakt\u0131r.<\/p>\n\n\n\n<p>\ud83c\udf1fHizmetlerimizi kullanman\u0131n faydalar\u0131:<\/p>\n\n\n\n<ul class=\"wp-block-list\">\n<li>\ud83c\udf10 Geni\u015f \u00fclke se\u00e7imi<\/li>\n\n\n\n<li>\ud83d\udcf1 Say\u0131lar\u0131n h\u0131zl\u0131 aktivasyonu<\/li>\n\n\n\n<li>\ud83d\udd12 Gizlilik ve anonimlik<\/li>\n\n\n\n<li>\u23f0 Say\u0131lar\u0131n s\u0131n\u0131rl\u0131 s\u00fcreli ge\u00e7erlili\u011fi<\/li>\n\n\n\n<li>\ud83d\udca1 Kullan\u0131m\u0131 kolay ve sezgisel aray\u00fcz<\/li>\n<\/ul>\n\n\n\n<p>\ud83d\udcb8Odalar\u0131m\u0131z uygun fiyatlarla mevcuttur! Tek kullan\u0131ml\u0131k telefon numaralar\u0131m\u0131zla verilerinizi koruyun ve gizlili\u011finizi koruyun. \ud83d\udc4d<\/p>\n\n\n\n<p>\ud83d\udd12 \u015eimdi sipari\u015f verin ve farkl\u0131 \u00fclkeler i\u00e7in g\u00fcvenli ve kullan\u0131\u015fl\u0131 tek kullan\u0131ml\u0131k numaralara eri\u015fin! \ud83c\udf10\ud83d\udcde<\/p>","protected":false},"excerpt":{"rendered":"<p>\ud83c\udf0d \u041a\u0443\u043f\u0438\u0442\u0435 \u043e\u0434\u043d\u043e\u0440\u0430\u0437\u043e\u0432\u044b\u0435 \u0442\u0435\u043b\u0435\u0444\u043e\u043d\u043d\u044b\u0435 \u043d\u043e\u043c\u0435\u0440\u0430 \u0434\u043b\u044f \u043b\u044e\u0431\u044b\u0445 \u0441\u0442\u0440\u0430\u043d! \ud83d\udcde \ud83d\udd10 \u041e\u0431\u0435\u0441\u043f\u0435\u0447\u044c\u0442\u0435 \u043a\u043e\u043d\u0444\u0438\u0434\u0435\u043d\u0446\u0438\u0430\u043b\u044c\u043d\u043e\u0441\u0442\u044c \u0438 \u0431\u0435\u0437\u043e\u043f\u0430\u0441\u043d\u043e\u0441\u0442\u044c \u0441 \u043f\u043e\u043c\u043e\u0449\u044c\u044e \u043d\u0430\u0448\u0438\u0445 \u043e\u0434\u043d\u043e\u0440\u0430\u0437\u043e\u0432\u044b\u0445 \u043d\u043e\u043c\u0435\u0440\u043e\u0432, \u0434\u043e\u0441\u0442\u0443\u043f\u043d\u044b\u0445 \u0434\u043b\u044f \u043c\u043d\u043e\u0436\u0435\u0441\u0442\u0432\u0430 \u0441\u0442\u0440\u0430\u043d. \ud83c\udf10 \ud83d\udcbc \u0411\u0443\u0434\u044c \u0442\u043e \u0440\u0435\u0433\u0438\u0441\u0442\u0440\u0430\u0446\u0438\u044f \u0432 \u0441\u043e\u0446\u0438\u0430\u043b\u044c\u043d\u044b\u0445 \u0441\u0435\u0442\u044f\u0445, \u043f\u0440\u043e\u0432\u0435\u0440\u043a\u0430 \u0430\u043a\u043a\u0430\u0443\u043d\u0442\u043e\u0432 \u0438\u043b\u0438 \u043f\u043e\u043b\u0443\u0447\u0435\u043d\u0438\u0435 \u0432\u0440\u0435\u043c\u0435\u043d\u043d\u044b\u0445 \u043a\u043e\u0434\u043e\u0432 \u043f\u043e\u0434\u0442\u0432\u0435\u0440\u0436\u0434\u0435\u043d\u0438\u044f &#8212; \u043d\u0430\u0448\u0438 \u043d\u043e\u043c\u0435\u0440\u0430 \u043f\u043e\u043c\u043e\u0433\u0443\u0442 \u0432\u0430\u043c \u0432\u043e \u0432\u0441\u0435\u0445 \u0432\u0430\u0448\u0438\u0445 \u0434\u0435\u043b\u043e\u0432\u044b\u0445 \u0437\u0430\u0434\u0430\u0447\u0430\u0445. \ud83c\udf1f \u041f\u0440\u0435\u0438\u043c\u0443\u0449\u0435\u0441\u0442\u0432\u0430 \u0438\u0441\u043f\u043e\u043b\u044c\u0437\u043e\u0432\u0430\u043d\u0438\u044f \u043d\u0430\u0448\u0438\u0445 \u0443\u0441\u043b\u0443\u0433: \ud83d\udcb8 \u041d\u0430\u0448\u0438 [&hellip;]<\/p>\n","protected":false},"author":1,"featured_media":0,"parent":0,"menu_order":0,"comment_status":"closed","ping_status":"closed","template":"","meta":{"_kadence_starter_templates_imported_post":false,"footnotes":""},"class_list":["post-52","page","type-page","status-publish","hentry"],"acf":[],"yoast_head":"<!-- This site is optimized with the Yoast SEO plugin v27.4 - https:\/\/yoast.com\/product\/yoast-seo-wordpress\/ -->\n<title>\u041e\u0434\u043d\u043e\u0440\u0430\u0437\u043e\u0432\u044b\u0435 \u0442\u0435\u043b\u0435\u0444\u043e\u043d\u043d\u044b\u0435 \u043d\u043e\u043c\u0435\u0440\u0430 \u0434\u043b\u044f \u0440\u0430\u0437\u043d\u044b\u0445 \u0441\u0442\u0440\u0430\u043d<\/title>\n<meta name=\"description\" content=\"\u041f\u043e\u043a\u0443\u043f\u0430\u0439\u0442\u0435 \u043e\u0434\u043d\u043e\u0440\u0430\u0437\u043e\u0432\u044b\u0435 \u0442\u0435\u043b\u0435\u0444\u043e\u043d\u043d\u044b\u0435 \u043d\u043e\u043c\u0435\u0440\u0430 \u0434\u043b\u044f \u0440\u0430\u0437\u043d\u044b\u0445 \u0441\u0442\u0440\u0430\u043d \u0441 \u043c\u0430\u043a\u0441\u0438\u043c\u0430\u043b\u044c\u043d\u043e\u0439 \u043a\u043e\u043d\u0444\u0438\u0434\u0435\u043d\u0446\u0438\u0430\u043b\u044c\u043d\u043e\u0441\u0442\u044c\u044e! \ud83c\udf0d \u0417\u0430\u0449\u0438\u0442\u0438\u0442\u0435 \u0441\u0432\u043e\u0438 \u0434\u0430\u043d\u043d\u044b\u0435 \u0438 \u043e\u0431\u0435\u0441\u043f\u0435\u0447\u044c\u0442\u0435 \u0431\u0435\u0437\u043e\u043f\u0430\u0441\u043d\u043e\u0441\u0442\u044c \u0441\u0432\u043e\u0438\u0445 \u0430\u043a\u043a\u0430\u0443\u043d\u0442\u043e\u0432. \ud83d\udd12 \u041f\u043e\u043b\u0443\u0447\u0438\u0442\u0435 \u0434\u043e\u0441\u0442\u0443\u043f \u043a \u0448\u0438\u0440\u043e\u043a\u043e\u043c\u0443 \u0432\u044b\u0431\u043e\u0440\u0443 \u043d\u043e\u043c\u0435\u0440\u043e\u0432 \u0438 \u043c\u0433\u043d\u043e\u0432\u0435\u043d\u043d\u043e\u0439 \u0430\u043a\u0442\u0438\u0432\u0430\u0446\u0438\u0438. \u0423\u0434\u043e\u0431\u043d\u043e \u0438 \u043d\u0430\u0434\u0435\u0436\u043d\u043e! \ud83d\udcbc\" \/>\n<meta name=\"robots\" content=\"index, follow, max-snippet:-1, max-image-preview:large, max-video-preview:-1\" \/>\n<link rel=\"canonical\" href=\"https:\/\/virtphone.net\/tr\/countries\/\" \/>\n<meta property=\"og:locale\" content=\"tr_TR\" \/>\n<meta property=\"og:type\" content=\"article\" \/>\n<meta property=\"og:title\" content=\"\u041e\u0434\u043d\u043e\u0440\u0430\u0437\u043e\u0432\u044b\u0435 \u0442\u0435\u043b\u0435\u0444\u043e\u043d\u043d\u044b\u0435 \u043d\u043e\u043c\u0435\u0440\u0430 \u0434\u043b\u044f \u0440\u0430\u0437\u043d\u044b\u0445 \u0441\u0442\u0440\u0430\u043d\" \/>\n<meta property=\"og:description\" content=\"\u041f\u043e\u043a\u0443\u043f\u0430\u0439\u0442\u0435 \u043e\u0434\u043d\u043e\u0440\u0430\u0437\u043e\u0432\u044b\u0435 \u0442\u0435\u043b\u0435\u0444\u043e\u043d\u043d\u044b\u0435 \u043d\u043e\u043c\u0435\u0440\u0430 \u0434\u043b\u044f \u0440\u0430\u0437\u043d\u044b\u0445 \u0441\u0442\u0440\u0430\u043d \u0441 \u043c\u0430\u043a\u0441\u0438\u043c\u0430\u043b\u044c\u043d\u043e\u0439 \u043a\u043e\u043d\u0444\u0438\u0434\u0435\u043d\u0446\u0438\u0430\u043b\u044c\u043d\u043e\u0441\u0442\u044c\u044e! \ud83c\udf0d \u0417\u0430\u0449\u0438\u0442\u0438\u0442\u0435 \u0441\u0432\u043e\u0438 \u0434\u0430\u043d\u043d\u044b\u0435 \u0438 \u043e\u0431\u0435\u0441\u043f\u0435\u0447\u044c\u0442\u0435 \u0431\u0435\u0437\u043e\u043f\u0430\u0441\u043d\u043e\u0441\u0442\u044c \u0441\u0432\u043e\u0438\u0445 \u0430\u043a\u043a\u0430\u0443\u043d\u0442\u043e\u0432. \ud83d\udd12 \u041f\u043e\u043b\u0443\u0447\u0438\u0442\u0435 \u0434\u043e\u0441\u0442\u0443\u043f \u043a \u0448\u0438\u0440\u043e\u043a\u043e\u043c\u0443 \u0432\u044b\u0431\u043e\u0440\u0443 \u043d\u043e\u043c\u0435\u0440\u043e\u0432 \u0438 \u043c\u0433\u043d\u043e\u0432\u0435\u043d\u043d\u043e\u0439 \u0430\u043a\u0442\u0438\u0432\u0430\u0446\u0438\u0438. \u0423\u0434\u043e\u0431\u043d\u043e \u0438 \u043d\u0430\u0434\u0435\u0436\u043d\u043e! \ud83d\udcbc\" \/>\n<meta property=\"og:url\" content=\"https:\/\/virtphone.net\/tr\/countries\/\" \/>\n<meta property=\"og:site_name\" content=\"\u041e\u0434\u043d\u043e\u0440\u0430\u0437\u043e\u0432\u044b\u0435 SMS \u043d\u043e\u043c\u0435\u0440\u0430 \u0434\u043b\u044f \u0440\u0435\u0433\u0438\u0441\u0442\u0440\u0430\u0446\u0438\u0438\" \/>\n<meta property=\"article:modified_time\" content=\"2023-07-19T21:12:52+00:00\" \/>\n<meta name=\"twitter:card\" content=\"summary_large_image\" \/>\n<meta name=\"twitter:label1\" content=\"Tahmini okuma s\u00fcresi\" \/>\n\t<meta name=\"twitter:data1\" content=\"1 dakika\" \/>\n<script type=\"application\/ld+json\" class=\"yoast-schema-graph\">{\"@context\":\"https:\\\/\\\/schema.org\",\"@graph\":[{\"@type\":\"WebPage\",\"@id\":\"https:\\\/\\\/virtphone.net\\\/countries\\\/\",\"url\":\"https:\\\/\\\/virtphone.net\\\/countries\\\/\",\"name\":\"\u041e\u0434\u043d\u043e\u0440\u0430\u0437\u043e\u0432\u044b\u0435 \u0442\u0435\u043b\u0435\u0444\u043e\u043d\u043d\u044b\u0435 \u043d\u043e\u043c\u0435\u0440\u0430 \u0434\u043b\u044f \u0440\u0430\u0437\u043d\u044b\u0445 \u0441\u0442\u0440\u0430\u043d\",\"isPartOf\":{\"@id\":\"https:\\\/\\\/virtphone.net\\\/#website\"},\"datePublished\":\"2023-07-19T21:12:51+00:00\",\"dateModified\":\"2023-07-19T21:12:52+00:00\",\"description\":\"\u041f\u043e\u043a\u0443\u043f\u0430\u0439\u0442\u0435 \u043e\u0434\u043d\u043e\u0440\u0430\u0437\u043e\u0432\u044b\u0435 \u0442\u0435\u043b\u0435\u0444\u043e\u043d\u043d\u044b\u0435 \u043d\u043e\u043c\u0435\u0440\u0430 \u0434\u043b\u044f \u0440\u0430\u0437\u043d\u044b\u0445 \u0441\u0442\u0440\u0430\u043d \u0441 \u043c\u0430\u043a\u0441\u0438\u043c\u0430\u043b\u044c\u043d\u043e\u0439 \u043a\u043e\u043d\u0444\u0438\u0434\u0435\u043d\u0446\u0438\u0430\u043b\u044c\u043d\u043e\u0441\u0442\u044c\u044e! \ud83c\udf0d \u0417\u0430\u0449\u0438\u0442\u0438\u0442\u0435 \u0441\u0432\u043e\u0438 \u0434\u0430\u043d\u043d\u044b\u0435 \u0438 \u043e\u0431\u0435\u0441\u043f\u0435\u0447\u044c\u0442\u0435 \u0431\u0435\u0437\u043e\u043f\u0430\u0441\u043d\u043e\u0441\u0442\u044c \u0441\u0432\u043e\u0438\u0445 \u0430\u043a\u043a\u0430\u0443\u043d\u0442\u043e\u0432. \ud83d\udd12 \u041f\u043e\u043b\u0443\u0447\u0438\u0442\u0435 \u0434\u043e\u0441\u0442\u0443\u043f \u043a \u0448\u0438\u0440\u043e\u043a\u043e\u043c\u0443 \u0432\u044b\u0431\u043e\u0440\u0443 \u043d\u043e\u043c\u0435\u0440\u043e\u0432 \u0438 \u043c\u0433\u043d\u043e\u0432\u0435\u043d\u043d\u043e\u0439 \u0430\u043a\u0442\u0438\u0432\u0430\u0446\u0438\u0438. \u0423\u0434\u043e\u0431\u043d\u043e \u0438 \u043d\u0430\u0434\u0435\u0436\u043d\u043e! \ud83d\udcbc\",\"breadcrumb\":{\"@id\":\"https:\\\/\\\/virtphone.net\\\/countries\\\/#breadcrumb\"},\"inLanguage\":\"tr\",\"potentialAction\":[{\"@type\":\"ReadAction\",\"target\":[\"https:\\\/\\\/virtphone.net\\\/countries\\\/\"]}]},{\"@type\":\"BreadcrumbList\",\"@id\":\"https:\\\/\\\/virtphone.net\\\/countries\\\/#breadcrumb\",\"itemListElement\":[{\"@type\":\"ListItem\",\"position\":1,\"name\":\"\u0413\u043b\u0430\u0432\u043d\u0430\u044f \u0441\u0442\u0440\u0430\u043d\u0438\u0446\u0430\",\"item\":\"https:\\\/\\\/virtphone.net\\\/\"},{\"@type\":\"ListItem\",\"position\":2,\"name\":\"\u041e\u0434\u043d\u043e\u0440\u0430\u0437\u043e\u0432\u044b\u0435 \u043d\u043e\u043c\u0435\u0440\u0430 \u0434\u043b\u044f \u0440\u0430\u0437\u043d\u044b\u0445 \u0441\u0442\u0440\u0430\u043d\"}]},{\"@type\":\"WebSite\",\"@id\":\"https:\\\/\\\/virtphone.net\\\/#website\",\"url\":\"https:\\\/\\\/virtphone.net\\\/\",\"name\":\"\u041e\u0434\u043d\u043e\u0440\u0430\u0437\u043e\u0432\u044b\u0435 SMS \u043d\u043e\u043c\u0435\u0440\u0430 \u0434\u043b\u044f \u0440\u0435\u0433\u0438\u0441\u0442\u0440\u0430\u0446\u0438\u0438\",\"description\":\"\",\"potentialAction\":[{\"@type\":\"SearchAction\",\"target\":{\"@type\":\"EntryPoint\",\"urlTemplate\":\"https:\\\/\\\/virtphone.net\\\/?s={search_term_string}\"},\"query-input\":{\"@type\":\"PropertyValueSpecification\",\"valueRequired\":true,\"valueName\":\"search_term_string\"}}],\"inLanguage\":\"tr\"}]}<\/script>\n<!-- \/ Yoast SEO plugin. -->","yoast_head_json":{"title":"Farkl\u0131 \u00fclkeler i\u00e7in tek kullan\u0131ml\u0131k telefon numaralar\u0131","description":"Maksimum gizlilikle farkl\u0131 \u00fclkeler i\u00e7in tek kullan\u0131ml\u0131k telefon numaralar\u0131 sat\u0131n al\u0131n! \ud83c\udf0d Verilerinizi koruyun ve hesaplar\u0131n\u0131z\u0131 g\u00fcvende tutun. \ud83d\udd12 \u00c7ok \u00e7e\u015fitli numaralara ve an\u0131nda aktivasyona eri\u015fin. Kullan\u0131\u015fl\u0131 ve g\u00fcvenilir! \ud83d\udcbc","robots":{"index":"index","follow":"follow","max-snippet":"max-snippet:-1","max-image-preview":"max-image-preview:large","max-video-preview":"max-video-preview:-1"},"canonical":"https:\/\/virtphone.net\/tr\/countries\/","og_locale":"tr_TR","og_type":"article","og_title":"\u041e\u0434\u043d\u043e\u0440\u0430\u0437\u043e\u0432\u044b\u0435 \u0442\u0435\u043b\u0435\u0444\u043e\u043d\u043d\u044b\u0435 \u043d\u043e\u043c\u0435\u0440\u0430 \u0434\u043b\u044f \u0440\u0430\u0437\u043d\u044b\u0445 \u0441\u0442\u0440\u0430\u043d","og_description":"\u041f\u043e\u043a\u0443\u043f\u0430\u0439\u0442\u0435 \u043e\u0434\u043d\u043e\u0440\u0430\u0437\u043e\u0432\u044b\u0435 \u0442\u0435\u043b\u0435\u0444\u043e\u043d\u043d\u044b\u0435 \u043d\u043e\u043c\u0435\u0440\u0430 \u0434\u043b\u044f \u0440\u0430\u0437\u043d\u044b\u0445 \u0441\u0442\u0440\u0430\u043d \u0441 \u043c\u0430\u043a\u0441\u0438\u043c\u0430\u043b\u044c\u043d\u043e\u0439 \u043a\u043e\u043d\u0444\u0438\u0434\u0435\u043d\u0446\u0438\u0430\u043b\u044c\u043d\u043e\u0441\u0442\u044c\u044e! \ud83c\udf0d \u0417\u0430\u0449\u0438\u0442\u0438\u0442\u0435 \u0441\u0432\u043e\u0438 \u0434\u0430\u043d\u043d\u044b\u0435 \u0438 \u043e\u0431\u0435\u0441\u043f\u0435\u0447\u044c\u0442\u0435 \u0431\u0435\u0437\u043e\u043f\u0430\u0441\u043d\u043e\u0441\u0442\u044c \u0441\u0432\u043e\u0438\u0445 \u0430\u043a\u043a\u0430\u0443\u043d\u0442\u043e\u0432. \ud83d\udd12 \u041f\u043e\u043b\u0443\u0447\u0438\u0442\u0435 \u0434\u043e\u0441\u0442\u0443\u043f \u043a \u0448\u0438\u0440\u043e\u043a\u043e\u043c\u0443 \u0432\u044b\u0431\u043e\u0440\u0443 \u043d\u043e\u043c\u0435\u0440\u043e\u0432 \u0438 \u043c\u0433\u043d\u043e\u0432\u0435\u043d\u043d\u043e\u0439 \u0430\u043a\u0442\u0438\u0432\u0430\u0446\u0438\u0438. \u0423\u0434\u043e\u0431\u043d\u043e \u0438 \u043d\u0430\u0434\u0435\u0436\u043d\u043e! \ud83d\udcbc","og_url":"https:\/\/virtphone.net\/tr\/countries\/","og_site_name":"\u041e\u0434\u043d\u043e\u0440\u0430\u0437\u043e\u0432\u044b\u0435 SMS \u043d\u043e\u043c\u0435\u0440\u0430 \u0434\u043b\u044f \u0440\u0435\u0433\u0438\u0441\u0442\u0440\u0430\u0446\u0438\u0438","article_modified_time":"2023-07-19T21:12:52+00:00","twitter_card":"summary_large_image","twitter_misc":{"Tahmini okuma s\u00fcresi":"1 dakika"},"schema":{"@context":"https:\/\/schema.org","@graph":[{"@type":"WebPage","@id":"https:\/\/virtphone.net\/countries\/","url":"https:\/\/virtphone.net\/countries\/","name":"Farkl\u0131 \u00fclkeler i\u00e7in tek kullan\u0131ml\u0131k telefon numaralar\u0131","isPartOf":{"@id":"https:\/\/virtphone.net\/#website"},"datePublished":"2023-07-19T21:12:51+00:00","dateModified":"2023-07-19T21:12:52+00:00","description":"Maksimum gizlilikle farkl\u0131 \u00fclkeler i\u00e7in tek kullan\u0131ml\u0131k telefon numaralar\u0131 sat\u0131n al\u0131n! \ud83c\udf0d Verilerinizi koruyun ve hesaplar\u0131n\u0131z\u0131 g\u00fcvende tutun. \ud83d\udd12 \u00c7ok \u00e7e\u015fitli numaralara ve an\u0131nda aktivasyona eri\u015fin. Kullan\u0131\u015fl\u0131 ve g\u00fcvenilir! \ud83d\udcbc","breadcrumb":{"@id":"https:\/\/virtphone.net\/countries\/#breadcrumb"},"inLanguage":"tr","potentialAction":[{"@type":"ReadAction","target":["https:\/\/virtphone.net\/countries\/"]}]},{"@type":"BreadcrumbList","@id":"https:\/\/virtphone.net\/countries\/#breadcrumb","itemListElement":[{"@type":"ListItem","position":1,"name":"\u0413\u043b\u0430\u0432\u043d\u0430\u044f \u0441\u0442\u0440\u0430\u043d\u0438\u0446\u0430","item":"https:\/\/virtphone.net\/"},{"@type":"ListItem","position":2,"name":"\u041e\u0434\u043d\u043e\u0440\u0430\u0437\u043e\u0432\u044b\u0435 \u043d\u043e\u043c\u0435\u0440\u0430 \u0434\u043b\u044f \u0440\u0430\u0437\u043d\u044b\u0445 \u0441\u0442\u0440\u0430\u043d"}]},{"@type":"WebSite","@id":"https:\/\/virtphone.net\/#website","url":"https:\/\/virtphone.net\/","name":"Kay\u0131t i\u00e7in tek kullan\u0131ml\u0131k SMS numaralar\u0131","description":"","potentialAction":[{"@type":"SearchAction","target":{"@type":"EntryPoint","urlTemplate":"https:\/\/virtphone.net\/?s={search_term_string}"},"query-input":{"@type":"PropertyValueSpecification","valueRequired":true,"valueName":"search_term_string"}}],"inLanguage":"tr"}]}},"_links":{"self":[{"href":"https:\/\/virtphone.net\/tr\/wp-json\/wp\/v2\/pages\/52","targetHints":{"allow":["GET"]}}],"collection":[{"href":"https:\/\/virtphone.net\/tr\/wp-json\/wp\/v2\/pages"}],"about":[{"href":"https:\/\/virtphone.net\/tr\/wp-json\/wp\/v2\/types\/page"}],"author":[{"embeddable":true,"href":"https:\/\/virtphone.net\/tr\/wp-json\/wp\/v2\/users\/1"}],"replies":[{"embeddable":true,"href":"https:\/\/virtphone.net\/tr\/wp-json\/wp\/v2\/comments?post=52"}],"version-history":[{"count":1,"href":"https:\/\/virtphone.net\/tr\/wp-json\/wp\/v2\/pages\/52\/revisions"}],"predecessor-version":[{"id":53,"href":"https:\/\/virtphone.net\/tr\/wp-json\/wp\/v2\/pages\/52\/revisions\/53"}],"wp:attachment":[{"href":"https:\/\/virtphone.net\/tr\/wp-json\/wp\/v2\/media?parent=52"}],"curies":[{"name":"wp","href":"https:\/\/api.w.org\/{rel}","templated":true}]}}