{"id":61,"date":"2023-08-17T02:38:02","date_gmt":"2023-08-16T23:38:02","guid":{"rendered":"https:\/\/virtphone.net\/?page_id=61"},"modified":"2024-05-29T10:49:21","modified_gmt":"2024-05-29T07:49:21","slug":"whatsapp","status":"publish","type":"page","link":"https:\/\/virtphone.net\/tr\/whatsapp\/","title":{"rendered":"WhatsApp i\u00e7in sanal numaralar"},"content":{"rendered":"<h2 class=\"wp-block-heading\">Tek kullan\u0131ml\u0131k bir sanal numara kullanarak WhatsApp hesab\u0131 nas\u0131l kaydedilir?<\/h2>\n\n\n\n<ol class=\"wp-block-list\">\n<li><strong>Sanal numara alma<\/strong>: Sanal bir telefon numaras\u0131na ihtiyac\u0131n\u0131z olacak. Hizmetimizde bir WhatsApp numaras\u0131 almak i\u00e7in talimatlar \u015funlard\u0131r:\n<ol class=\"wp-block-list\">\n<li>\ud83d\udd12 i\u00e7in kaydolun <a href=\"https:\/\/lk.freeje.com\/ru\/component\/telecomax\/?task=register\" rel=\"nofollow\">web sitemiz<\/a>.<\/li>\n\n\n\n<li>Bakiyenizi doldurun.<\/li>\n\n\n\n<li>Numara sat\u0131n almak istedi\u011finiz \u00fclkeyi se\u00e7in.<\/li>\n\n\n\n<li>WhatsApp hizmetini se\u00e7in.<\/li>\n\n\n\n<li>D\u00fc\u011fmeye bas <a href=\"https:\/\/lk.freeje.com\/ru\/component\/telecomax\/?task=buyunregistred&amp;type=one-use-sms-numbers\"><span style=\"display: inline-block;color: #fff;    background-color: #428bca;    border-color: #357ebd;    padding: 6px 12px;    margin-bottom: 0;    font-size: 14px;    font-weight: 400;    line-height: 1.4;    text-align: center;    white-space: nowrap;    vertical-align: middle;    cursor: pointer;    -webkit-user-select: none;    -moz-user-select: none;    -ms-user-select: none;    user-select: none;    background-image: none;    border: 1px solid transparent;    border-radius: 4px;\">\ud83d\udcf1 Bir numara al\u0131n<\/span><\/a>.<\/li>\n\n\n\n<li>WhatsApp&#039;a kaydolmak i\u00e7in bunu kullan\u0131n.<\/li>\n<\/ol>\n<\/li>\n\n\n\n<li><strong>WhatsApp kurulumu<\/strong>: Hen\u00fcz WhatsApp uygulaman\u0131z yoksa a\u015fa\u011f\u0131daki ba\u011flant\u0131lardan birinden indirerek kurun:\n<ul class=\"wp-block-list\">\n<li><a href=\"https:\/\/play.google.com\/store\/apps\/details?id=com.whatsapp\">Android i\u00e7in WhatsApp<\/a><\/li>\n\n\n\n<li><a href=\"http:\/\/itunes.apple.com\/us\/app\/whatsapp-messenger\/id310633997\">iPhone ve iPad i\u00e7in WhatsApp<\/a><\/li>\n\n\n\n<li><a href=\"http:\/\/ms-windows-store:\/\/pdp\/?productid=9NKSQGP7F2NH&amp;mode=mini\">Naber<\/a><\/li>\n<\/ul>\n<\/li>\n\n\n\n<li><strong>WhatsApp&#039;a kay\u0131t:<\/strong> WhatsApp uygulamas\u0131n\u0131 ba\u015flat\u0131n ve \u201cBa\u015flat\u201d d\u00fc\u011fmesine t\u0131klay\u0131n. \u0130lk ad\u0131mda ald\u0131\u011f\u0131n\u0131z sanal telefon numaras\u0131n\u0131 girin.<\/li>\n\n\n\n<li><strong>Numara onay\u0131:<\/strong> WhatsApp, sanal numaran\u0131za onay kodunu i\u00e7eren bir SMS g\u00f6nderecektir. Bu kodu WhatsApp uygulamas\u0131na girin.<\/li>\n\n\n\n<li><strong>Kay\u0131t tamamlan\u0131yor<\/strong>: Numaran\u0131z onayland\u0131ktan sonra ad\u0131n\u0131z\u0131 girerek ve dilerseniz profil foto\u011fraf\u0131 ekleyerek kay\u0131t i\u015flemini tamamlayabileceksiniz.<\/li>\n<\/ol>\n\n\n\n<p>Baz\u0131 sanal numaralar\u0131n spam amac\u0131yla engellenmi\u015f olabilece\u011finden WhatsApp ile \u00e7al\u0131\u015fmayabilece\u011fini l\u00fctfen unutmay\u0131n. Bir sorunla kar\u015f\u0131la\u015f\u0131rsan\u0131z farkl\u0131 bir sanal numara veya hizmet kullanmay\u0131 deneyin.<\/p>","protected":false},"excerpt":{"rendered":"<p>\u041a\u0430\u043a \u0437\u0430\u0440\u0435\u0433\u0438\u0441\u0442\u0440\u0438\u0440\u043e\u0432\u0430\u0442\u044c \u0430\u043a\u043a\u0430\u0443\u043d\u0442 \u0441 \u0438\u0441\u043f\u043e\u043b\u044c\u0437\u043e\u0432\u0430\u043d\u0438\u0435\u043c \u043e\u0434\u043d\u043e\u0440\u0430\u0437\u043e\u0432\u043e\u0433\u043e \u0432\u0438\u0440\u0442\u0443\u0430\u043b\u044c\u043d\u043e\u0433\u043e \u043d\u043e\u043c\u0435\u0440\u0430? \u041f\u043e\u0436\u0430\u043b\u0443\u0439\u0441\u0442\u0430, \u0443\u0447\u0442\u0438\u0442\u0435, \u0447\u0442\u043e \u043d\u0435\u043a\u043e\u0442\u043e\u0440\u044b\u0435 \u0432\u0438\u0440\u0442\u0443\u0430\u043b\u044c\u043d\u044b\u0435 \u043d\u043e\u043c\u0435\u0440\u0430 \u043c\u043e\u0433\u0443\u0442 \u043d\u0435 \u0440\u0430\u0431\u043e\u0442\u0430\u0442\u044c \u0441 , \u0442\u0430\u043a \u043a\u0430\u043a \u043e\u043d\u0438 \u043c\u043e\u0433\u0443\u0442 \u0431\u044b\u0442\u044c \u0437\u0430\u0431\u043b\u043e\u043a\u0438\u0440\u043e\u0432\u0430\u043d\u044b \u0437\u0430 \u0438\u0441\u043f\u043e\u043b\u044c\u0437\u043e\u0432\u0430\u043d\u0438\u0435 \u0432 \u0441\u043f\u0430\u043c-\u0446\u0435\u043b\u044f\u0445. \u0415\u0441\u043b\u0438 \u0432\u044b \u0441\u0442\u043e\u043b\u043a\u043d\u0443\u043b\u0438\u0441\u044c \u0441 \u043f\u0440\u043e\u0431\u043b\u0435\u043c\u043e\u0439, \u043f\u043e\u043f\u0440\u043e\u0431\u0443\u0439\u0442\u0435 \u0438\u0441\u043f\u043e\u043b\u044c\u0437\u043e\u0432\u0430\u0442\u044c \u0434\u0440\u0443\u0433\u043e\u0439 \u0432\u0438\u0440\u0442\u0443\u0430\u043b\u044c\u043d\u044b\u0439 \u043d\u043e\u043c\u0435\u0440 \u0438\u043b\u0438 \u0441\u0435\u0440\u0432\u0438\u0441.<\/p>","protected":false},"author":1,"featured_media":0,"parent":0,"menu_order":0,"comment_status":"closed","ping_status":"closed","template":"","meta":{"_kadence_starter_templates_imported_post":false,"footnotes":""},"class_list":["post-61","page","type-page","status-publish","hentry"],"acf":[],"yoast_head":"<!-- This site is optimized with the Yoast SEO plugin v27.4 - https:\/\/yoast.com\/product\/yoast-seo-wordpress\/ -->\n<title>\u041a\u0443\u043f\u0438\u0442\u044c \u0412\u0438\u0440\u0442\u0443\u0430\u043b\u044c\u043d\u044b\u0439 \u041d\u043e\u043c\u0435\u0440 \u0434\u043b\u044f WhatsApp | \u0411\u044b\u0441\u0442\u0440\u043e \u0438 \u041d\u0430\u0434\u0435\u0436\u043d\u043e<\/title>\n<meta name=\"description\" content=\"\u041f\u043e\u043b\u0443\u0447\u0438\u0442\u0435 \u0441\u0432\u043e\u0439 \u0432\u0438\u0440\u0442\u0443\u0430\u043b\u044c\u043d\u044b\u0439 \u043d\u043e\u043c\u0435\u0440 \u0434\u043b\u044f WhatsApp \u0432\u0441\u0435\u0433\u043e \u0437\u0430 \u043d\u0435\u0441\u043a\u043e\u043b\u044c\u043a\u043e \u043a\u043b\u0438\u043a\u043e\u0432. \u0411\u044b\u0441\u0442\u0440\u043e, \u043d\u0430\u0434\u0435\u0436\u043d\u043e \u0438 \u0430\u043d\u043e\u043d\u0438\u043c\u043d\u043e. \u041e\u0442\u0437\u044b\u0432\u0447\u0438\u0432\u0430\u044f \u043f\u043e\u0434\u0434\u0435\u0440\u0436\u043a\u0430. \u041f\u0440\u0438\u0441\u043e\u0435\u0434\u0438\u043d\u044f\u0439\u0442\u0435\u0441\u044c \u043a \u0442\u044b\u0441\u044f\u0447\u0430\u043c \u0434\u043e\u0432\u043e\u043b\u044c\u043d\u044b\u0445 \u043a\u043b\u0438\u0435\u043d\u0442\u043e\u0432!\" \/>\n<meta name=\"robots\" content=\"index, follow, max-snippet:-1, max-image-preview:large, max-video-preview:-1\" \/>\n<link rel=\"canonical\" href=\"https:\/\/virtphone.net\/tr\/whatsapp\/\" \/>\n<meta property=\"og:locale\" content=\"tr_TR\" \/>\n<meta property=\"og:type\" content=\"article\" \/>\n<meta property=\"og:title\" content=\"\u041a\u0443\u043f\u0438\u0442\u044c \u0412\u0438\u0440\u0442\u0443\u0430\u043b\u044c\u043d\u044b\u0439 \u041d\u043e\u043c\u0435\u0440 \u0434\u043b\u044f WhatsApp | \u0411\u044b\u0441\u0442\u0440\u043e \u0438 \u041d\u0430\u0434\u0435\u0436\u043d\u043e\" \/>\n<meta property=\"og:description\" content=\"\u041f\u043e\u043b\u0443\u0447\u0438\u0442\u0435 \u0441\u0432\u043e\u0439 \u0432\u0438\u0440\u0442\u0443\u0430\u043b\u044c\u043d\u044b\u0439 \u043d\u043e\u043c\u0435\u0440 \u0434\u043b\u044f WhatsApp \u0432\u0441\u0435\u0433\u043e \u0437\u0430 \u043d\u0435\u0441\u043a\u043e\u043b\u044c\u043a\u043e \u043a\u043b\u0438\u043a\u043e\u0432. \u0411\u044b\u0441\u0442\u0440\u043e, \u043d\u0430\u0434\u0435\u0436\u043d\u043e \u0438 \u0430\u043d\u043e\u043d\u0438\u043c\u043d\u043e. \u041e\u0442\u0437\u044b\u0432\u0447\u0438\u0432\u0430\u044f \u043f\u043e\u0434\u0434\u0435\u0440\u0436\u043a\u0430. \u041f\u0440\u0438\u0441\u043e\u0435\u0434\u0438\u043d\u044f\u0439\u0442\u0435\u0441\u044c \u043a \u0442\u044b\u0441\u044f\u0447\u0430\u043c \u0434\u043e\u0432\u043e\u043b\u044c\u043d\u044b\u0445 \u043a\u043b\u0438\u0435\u043d\u0442\u043e\u0432!\" \/>\n<meta property=\"og:url\" content=\"https:\/\/virtphone.net\/tr\/whatsapp\/\" \/>\n<meta property=\"og:site_name\" content=\"\u041e\u0434\u043d\u043e\u0440\u0430\u0437\u043e\u0432\u044b\u0435 SMS \u043d\u043e\u043c\u0435\u0440\u0430 \u0434\u043b\u044f \u0440\u0435\u0433\u0438\u0441\u0442\u0440\u0430\u0446\u0438\u0438\" \/>\n<meta property=\"article:modified_time\" content=\"2024-05-29T07:49:21+00:00\" \/>\n<meta name=\"twitter:card\" content=\"summary_large_image\" \/>\n<meta name=\"twitter:label1\" content=\"Tahmini okuma s\u00fcresi\" \/>\n\t<meta name=\"twitter:data1\" content=\"1 dakika\" \/>\n<script type=\"application\/ld+json\" class=\"yoast-schema-graph\">{\"@context\":\"https:\\\/\\\/schema.org\",\"@graph\":[{\"@type\":\"WebPage\",\"@id\":\"https:\\\/\\\/virtphone.net\\\/whatsapp\\\/\",\"url\":\"https:\\\/\\\/virtphone.net\\\/whatsapp\\\/\",\"name\":\"\u041a\u0443\u043f\u0438\u0442\u044c \u0412\u0438\u0440\u0442\u0443\u0430\u043b\u044c\u043d\u044b\u0439 \u041d\u043e\u043c\u0435\u0440 \u0434\u043b\u044f WhatsApp | \u0411\u044b\u0441\u0442\u0440\u043e \u0438 \u041d\u0430\u0434\u0435\u0436\u043d\u043e\",\"isPartOf\":{\"@id\":\"https:\\\/\\\/virtphone.net\\\/#website\"},\"datePublished\":\"2023-08-16T23:38:02+00:00\",\"dateModified\":\"2024-05-29T07:49:21+00:00\",\"description\":\"\u041f\u043e\u043b\u0443\u0447\u0438\u0442\u0435 \u0441\u0432\u043e\u0439 \u0432\u0438\u0440\u0442\u0443\u0430\u043b\u044c\u043d\u044b\u0439 \u043d\u043e\u043c\u0435\u0440 \u0434\u043b\u044f WhatsApp \u0432\u0441\u0435\u0433\u043e \u0437\u0430 \u043d\u0435\u0441\u043a\u043e\u043b\u044c\u043a\u043e \u043a\u043b\u0438\u043a\u043e\u0432. \u0411\u044b\u0441\u0442\u0440\u043e, \u043d\u0430\u0434\u0435\u0436\u043d\u043e \u0438 \u0430\u043d\u043e\u043d\u0438\u043c\u043d\u043e. \u041e\u0442\u0437\u044b\u0432\u0447\u0438\u0432\u0430\u044f \u043f\u043e\u0434\u0434\u0435\u0440\u0436\u043a\u0430. \u041f\u0440\u0438\u0441\u043e\u0435\u0434\u0438\u043d\u044f\u0439\u0442\u0435\u0441\u044c \u043a \u0442\u044b\u0441\u044f\u0447\u0430\u043c \u0434\u043e\u0432\u043e\u043b\u044c\u043d\u044b\u0445 \u043a\u043b\u0438\u0435\u043d\u0442\u043e\u0432!\",\"breadcrumb\":{\"@id\":\"https:\\\/\\\/virtphone.net\\\/whatsapp\\\/#breadcrumb\"},\"inLanguage\":\"tr\",\"potentialAction\":[{\"@type\":\"ReadAction\",\"target\":[\"https:\\\/\\\/virtphone.net\\\/whatsapp\\\/\"]}]},{\"@type\":\"BreadcrumbList\",\"@id\":\"https:\\\/\\\/virtphone.net\\\/whatsapp\\\/#breadcrumb\",\"itemListElement\":[{\"@type\":\"ListItem\",\"position\":1,\"name\":\"\u0413\u043b\u0430\u0432\u043d\u0430\u044f \u0441\u0442\u0440\u0430\u043d\u0438\u0446\u0430\",\"item\":\"https:\\\/\\\/virtphone.net\\\/\"},{\"@type\":\"ListItem\",\"position\":2,\"name\":\"\u0412\u0438\u0440\u0442\u0443\u0430\u043b\u044c\u043d\u044b\u0435 \u043d\u043e\u043c\u0435\u0440\u0430 \u0434\u043b\u044f WhatsApp\"}]},{\"@type\":\"WebSite\",\"@id\":\"https:\\\/\\\/virtphone.net\\\/#website\",\"url\":\"https:\\\/\\\/virtphone.net\\\/\",\"name\":\"\u041e\u0434\u043d\u043e\u0440\u0430\u0437\u043e\u0432\u044b\u0435 SMS \u043d\u043e\u043c\u0435\u0440\u0430 \u0434\u043b\u044f \u0440\u0435\u0433\u0438\u0441\u0442\u0440\u0430\u0446\u0438\u0438\",\"description\":\"\",\"potentialAction\":[{\"@type\":\"SearchAction\",\"target\":{\"@type\":\"EntryPoint\",\"urlTemplate\":\"https:\\\/\\\/virtphone.net\\\/?s={search_term_string}\"},\"query-input\":{\"@type\":\"PropertyValueSpecification\",\"valueRequired\":true,\"valueName\":\"search_term_string\"}}],\"inLanguage\":\"tr\"}]}<\/script>\n<!-- \/ Yoast SEO plugin. -->","yoast_head_json":{"title":"WhatsApp i\u00e7in Sanal Numara Sat\u0131n Al\u0131n | H\u0131zl\u0131 ve G\u00fcvenilir","description":"Sadece birka\u00e7 t\u0131klamayla WhatsApp i\u00e7in sanal numaran\u0131z\u0131 al\u0131n. H\u0131zl\u0131, g\u00fcvenli ve anonim. Duyarl\u0131 destek. Binlerce memnun m\u00fc\u015fteriye kat\u0131l\u0131n!","robots":{"index":"index","follow":"follow","max-snippet":"max-snippet:-1","max-image-preview":"max-image-preview:large","max-video-preview":"max-video-preview:-1"},"canonical":"https:\/\/virtphone.net\/tr\/whatsapp\/","og_locale":"tr_TR","og_type":"article","og_title":"\u041a\u0443\u043f\u0438\u0442\u044c \u0412\u0438\u0440\u0442\u0443\u0430\u043b\u044c\u043d\u044b\u0439 \u041d\u043e\u043c\u0435\u0440 \u0434\u043b\u044f WhatsApp | \u0411\u044b\u0441\u0442\u0440\u043e \u0438 \u041d\u0430\u0434\u0435\u0436\u043d\u043e","og_description":"\u041f\u043e\u043b\u0443\u0447\u0438\u0442\u0435 \u0441\u0432\u043e\u0439 \u0432\u0438\u0440\u0442\u0443\u0430\u043b\u044c\u043d\u044b\u0439 \u043d\u043e\u043c\u0435\u0440 \u0434\u043b\u044f WhatsApp \u0432\u0441\u0435\u0433\u043e \u0437\u0430 \u043d\u0435\u0441\u043a\u043e\u043b\u044c\u043a\u043e \u043a\u043b\u0438\u043a\u043e\u0432. \u0411\u044b\u0441\u0442\u0440\u043e, \u043d\u0430\u0434\u0435\u0436\u043d\u043e \u0438 \u0430\u043d\u043e\u043d\u0438\u043c\u043d\u043e. \u041e\u0442\u0437\u044b\u0432\u0447\u0438\u0432\u0430\u044f \u043f\u043e\u0434\u0434\u0435\u0440\u0436\u043a\u0430. \u041f\u0440\u0438\u0441\u043e\u0435\u0434\u0438\u043d\u044f\u0439\u0442\u0435\u0441\u044c \u043a \u0442\u044b\u0441\u044f\u0447\u0430\u043c \u0434\u043e\u0432\u043e\u043b\u044c\u043d\u044b\u0445 \u043a\u043b\u0438\u0435\u043d\u0442\u043e\u0432!","og_url":"https:\/\/virtphone.net\/tr\/whatsapp\/","og_site_name":"\u041e\u0434\u043d\u043e\u0440\u0430\u0437\u043e\u0432\u044b\u0435 SMS \u043d\u043e\u043c\u0435\u0440\u0430 \u0434\u043b\u044f \u0440\u0435\u0433\u0438\u0441\u0442\u0440\u0430\u0446\u0438\u0438","article_modified_time":"2024-05-29T07:49:21+00:00","twitter_card":"summary_large_image","twitter_misc":{"Tahmini okuma s\u00fcresi":"1 dakika"},"schema":{"@context":"https:\/\/schema.org","@graph":[{"@type":"WebPage","@id":"https:\/\/virtphone.net\/whatsapp\/","url":"https:\/\/virtphone.net\/whatsapp\/","name":"WhatsApp i\u00e7in Sanal Numara Sat\u0131n Al\u0131n | H\u0131zl\u0131 ve G\u00fcvenilir","isPartOf":{"@id":"https:\/\/virtphone.net\/#website"},"datePublished":"2023-08-16T23:38:02+00:00","dateModified":"2024-05-29T07:49:21+00:00","description":"Sadece birka\u00e7 t\u0131klamayla WhatsApp i\u00e7in sanal numaran\u0131z\u0131 al\u0131n. H\u0131zl\u0131, g\u00fcvenli ve anonim. Duyarl\u0131 destek. Binlerce memnun m\u00fc\u015fteriye kat\u0131l\u0131n!","breadcrumb":{"@id":"https:\/\/virtphone.net\/whatsapp\/#breadcrumb"},"inLanguage":"tr","potentialAction":[{"@type":"ReadAction","target":["https:\/\/virtphone.net\/whatsapp\/"]}]},{"@type":"BreadcrumbList","@id":"https:\/\/virtphone.net\/whatsapp\/#breadcrumb","itemListElement":[{"@type":"ListItem","position":1,"name":"\u0413\u043b\u0430\u0432\u043d\u0430\u044f \u0441\u0442\u0440\u0430\u043d\u0438\u0446\u0430","item":"https:\/\/virtphone.net\/"},{"@type":"ListItem","position":2,"name":"\u0412\u0438\u0440\u0442\u0443\u0430\u043b\u044c\u043d\u044b\u0435 \u043d\u043e\u043c\u0435\u0440\u0430 \u0434\u043b\u044f WhatsApp"}]},{"@type":"WebSite","@id":"https:\/\/virtphone.net\/#website","url":"https:\/\/virtphone.net\/","name":"Kay\u0131t i\u00e7in tek kullan\u0131ml\u0131k SMS numaralar\u0131","description":"","potentialAction":[{"@type":"SearchAction","target":{"@type":"EntryPoint","urlTemplate":"https:\/\/virtphone.net\/?s={search_term_string}"},"query-input":{"@type":"PropertyValueSpecification","valueRequired":true,"valueName":"search_term_string"}}],"inLanguage":"tr"}]}},"_links":{"self":[{"href":"https:\/\/virtphone.net\/tr\/wp-json\/wp\/v2\/pages\/61","targetHints":{"allow":["GET"]}}],"collection":[{"href":"https:\/\/virtphone.net\/tr\/wp-json\/wp\/v2\/pages"}],"about":[{"href":"https:\/\/virtphone.net\/tr\/wp-json\/wp\/v2\/types\/page"}],"author":[{"embeddable":true,"href":"https:\/\/virtphone.net\/tr\/wp-json\/wp\/v2\/users\/1"}],"replies":[{"embeddable":true,"href":"https:\/\/virtphone.net\/tr\/wp-json\/wp\/v2\/comments?post=61"}],"version-history":[{"count":15,"href":"https:\/\/virtphone.net\/tr\/wp-json\/wp\/v2\/pages\/61\/revisions"}],"predecessor-version":[{"id":131,"href":"https:\/\/virtphone.net\/tr\/wp-json\/wp\/v2\/pages\/61\/revisions\/131"}],"wp:attachment":[{"href":"https:\/\/virtphone.net\/tr\/wp-json\/wp\/v2\/media?parent=61"}],"curies":[{"name":"wp","href":"https:\/\/api.w.org\/{rel}","templated":true}]}}